{"id":1997,"date":"2022-06-24T10:04:34","date_gmt":"2022-06-24T14:04:34","guid":{"rendered":"https:\/\/smart-training.ca\/fr\/?page_id=1997"},"modified":"2024-10-03T14:25:46","modified_gmt":"2024-10-03T18:25:46","slug":"resources-3","status":"publish","type":"page","link":"https:\/\/smart-training.ca\/fr\/resources-3\/","title":{"rendered":"Learn (Main page)"},"content":{"rendered":"\n<div class=\"wp-block-cover alignfull\"><span aria-hidden=\"true\" class=\"wp-block-cover__background has-background-dim\"><\/span><img loading=\"lazy\" decoding=\"async\" width=\"2560\" height=\"1707\" class=\"wp-block-cover__image-background wp-image-2275\" alt=\"\" src=\"https:\/\/smart-training.ca\/fr\/wp-content\/uploads\/sites\/2\/2022\/07\/jason-goodman-Oalh2MojUuk-unsplash-scaled.jpg\" data-object-fit=\"cover\" srcset=\"https:\/\/smart-training.ca\/fr\/wp-content\/uploads\/sites\/2\/2022\/07\/jason-goodman-Oalh2MojUuk-unsplash-scaled.jpg 2560w, https:\/\/smart-training.ca\/fr\/wp-content\/uploads\/sites\/2\/2022\/07\/jason-goodman-Oalh2MojUuk-unsplash-300x200.jpg 300w, https:\/\/smart-training.ca\/fr\/wp-content\/uploads\/sites\/2\/2022\/07\/jason-goodman-Oalh2MojUuk-unsplash-1024x683.jpg 1024w, https:\/\/smart-training.ca\/fr\/wp-content\/uploads\/sites\/2\/2022\/07\/jason-goodman-Oalh2MojUuk-unsplash-768x512.jpg 768w, https:\/\/smart-training.ca\/fr\/wp-content\/uploads\/sites\/2\/2022\/07\/jason-goodman-Oalh2MojUuk-unsplash-1536x1024.jpg 1536w, https:\/\/smart-training.ca\/fr\/wp-content\/uploads\/sites\/2\/2022\/07\/jason-goodman-Oalh2MojUuk-unsplash-2048x1365.jpg 2048w\" sizes=\"auto, (max-width: 2560px) 100vw, 2560px\" \/><div class=\"wp-block-cover__inner-container is-layout-constrained wp-block-cover-is-layout-constrained\">\n<h2 class=\"wp-block-heading has-text-align-center has-ast-global-color-4-color has-text-color has-link-color has-large-font-size wp-elements-1ca6bd75bc40cae4c8082d68448a65dd\">Application des connaissances\u00a0<\/h2>\n<\/div><\/div>\n\n\n\n<div style=\"height:25px\" aria-hidden=\"true\" class=\"wp-block-spacer\"><\/div>\n\n\n\n<div class=\"wp-block-buttons is-content-justification-center is-layout-flex wp-container-core-buttons-is-layout-a89b3969 wp-block-buttons-is-layout-flex\">\n<div class=\"wp-block-button has-custom-width wp-block-button__width-25 is-style-fill\"><a class=\"wp-block-button__link wp-element-button\" href=\"https:\/\/smart-training.ca\/fr\/methods-cafe-course\/\">Cours\u00a0<\/a><\/div>\n\n\n\n<div class=\"wp-block-button has-custom-width wp-block-button__width-25\"><a class=\"wp-block-button__link wp-element-button\" href=\"https:\/\/smart-training.ca\/fr\/impact-report\/\">Rapport d&rsquo;impact\u00a0<\/a><\/div>\n\n\n\n<div class=\"wp-block-button has-custom-width wp-block-button__width-25\"><a class=\"wp-block-button__link wp-element-button\" href=\"https:\/\/smart-training.ca\/fr\/reading-list\/\">Publications\u00a0<\/a><\/div>\n<\/div>\n\n\n\n<div style=\"height:50px\" aria-hidden=\"true\" class=\"wp-block-spacer\"><\/div>\n\n\n\n<h2 class=\"wp-block-heading\">Application des connaissances\u00a0<\/h2>\n\n\n\n<p>L&rsquo;objectif principal de la plateforme de formation SMART Healthy Cities est de fournir \u00e0 la prochaine cohorte de chercheurs en sant\u00e9, en sciences sociales, en sciences humaines, en ing\u00e9nierie et en sciences naturelles l&rsquo;expertise n\u00e9cessaire pour am\u00e9liorer la sant\u00e9, l&rsquo;habitabilit\u00e9 et la r\u00e9silience des zones urbaines canadiennes gr\u00e2ce \u00e0 l&rsquo;optimisation de l&rsquo;alimentation et des syst\u00e8mes alimentaires en vue d&rsquo;obtenir de meilleurs r\u00e9sultats en mati\u00e8re de sant\u00e9 publique. Notre initiative vise \u00e0 donner aux participants des institutions acad\u00e9miques canadiennes les comp\u00e9tences n\u00e9cessaires pour aborder les questions \u00e0 multiples facettes qui pr\u00e9valent dans les milieux urbains, en favorisant des approches novatrices pour am\u00e9liorer l&rsquo;accessibilit\u00e9 des aliments, le transport et le bien-\u00eatre g\u00e9n\u00e9ral au sein des communaut\u00e9s canadiennes, y compris celles des Premi\u00e8res nations. Le programme de formation couvrira largement la science de l&rsquo;application, englobant tout le spectre de la traduction des connaissances en applications pratiques, allant de la conceptualisation et de l&rsquo;ex\u00e9cution \u00e0 l&rsquo;essai, \u00e0 l&rsquo;extensibilit\u00e9 et \u00e0 l&rsquo;\u00e9valuation. Des exp\u00e9riences d&rsquo;apprentissage pratiques donneront aux stagiaires l&rsquo;occasion d&rsquo;appliquer les comp\u00e9tences acquises dans des sc\u00e9narios du monde r\u00e9el.<\/p>\n\n\n\n<div style=\"height:50px\" aria-hidden=\"true\" class=\"wp-block-spacer\"><\/div>\n\n\n\n<div class=\"wp-block-media-text is-stacked-on-mobile\" style=\"grid-template-columns:26% auto\"><figure class=\"wp-block-media-text__media\"><img loading=\"lazy\" decoding=\"async\" width=\"1024\" height=\"1024\" src=\"https:\/\/smart-training.ca\/fr\/wp-content\/uploads\/sites\/2\/2023\/12\/SMART-Training-Platform-Summer-School-4-1024x1024.png\" alt=\"\" class=\"wp-image-4112 size-thumbnail\" srcset=\"https:\/\/smart-training.ca\/fr\/wp-content\/uploads\/sites\/2\/2023\/12\/SMART-Training-Platform-Summer-School-4-1024x1024.png 1024w, https:\/\/smart-training.ca\/fr\/wp-content\/uploads\/sites\/2\/2023\/12\/SMART-Training-Platform-Summer-School-4-300x300.png 300w, https:\/\/smart-training.ca\/fr\/wp-content\/uploads\/sites\/2\/2023\/12\/SMART-Training-Platform-Summer-School-4-150x150.png 150w, https:\/\/smart-training.ca\/fr\/wp-content\/uploads\/sites\/2\/2023\/12\/SMART-Training-Platform-Summer-School-4-768x768.png 768w, https:\/\/smart-training.ca\/fr\/wp-content\/uploads\/sites\/2\/2023\/12\/SMART-Training-Platform-Summer-School-4.png 1080w\" sizes=\"auto, (max-width: 1024px) 100vw, 1024px\" \/><\/figure><div class=\"wp-block-media-text__content\">\n<h2 class=\"wp-block-heading has-ast-global-color-6-color has-text-color has-link-color wp-elements-ad784ef0943021f389cc654c3cf8f427\">Nos cours&nbsp;&nbsp;<\/h2>\n\n\n\n<p class=\"has-ast-global-color-6-color has-text-color has-link-color wp-elements-dc69721ed16309c61c5d06d935d58cbe\">Dans notre r\u00e9seau de neuf institutions, nous avons \u00e9labor\u00e9 des offres de cours sur la science de l&rsquo;application et les disciplines d&rsquo;\u00e9tude connexes, y compris la complexit\u00e9, la convergence, la pens\u00e9e syst\u00e9mique, l&rsquo;application et la diffusion des connaissances. Nos cours sont ancr\u00e9s dans l&rsquo;apprentissage transdisciplinaire ou exp\u00e9rientiel bas\u00e9 sur la convergence par la conception, o\u00f9 les participants abandonnent les modes de pens\u00e9e sp\u00e9cifiques \u00e0 la discipline et explorent, partagent, fusionnent et appliquent les connaissances et les m\u00e9thodes dans le contexte de sujets du monde r\u00e9el.\u00a0<\/p>\n\n\n\n<div class=\"wp-block-buttons is-layout-flex wp-block-buttons-is-layout-flex\">\n<div class=\"wp-block-button\"><a class=\"wp-block-button__link wp-element-button\" href=\"https:\/\/smart-training.ca\/fr\/methods-cafe-course\/\">Explorer les offres de cours\u00a0<\/a><\/div>\n<\/div>\n<\/div><\/div>\n\n\n\n<div style=\"height:50px\" aria-hidden=\"true\" class=\"wp-block-spacer\"><\/div>\n\n\n\n<div class=\"wp-block-media-text is-stacked-on-mobile\" style=\"grid-template-columns:26% auto\"><figure class=\"wp-block-media-text__media\"><img loading=\"lazy\" decoding=\"async\" width=\"1024\" height=\"1024\" src=\"https:\/\/smart-training.ca\/fr\/wp-content\/uploads\/sites\/2\/2023\/12\/SMART-Training-Platform-Summer-School-5-1024x1024.png\" alt=\"\" class=\"wp-image-4113 size-full\" srcset=\"https:\/\/smart-training.ca\/fr\/wp-content\/uploads\/sites\/2\/2023\/12\/SMART-Training-Platform-Summer-School-5-1024x1024.png 1024w, https:\/\/smart-training.ca\/fr\/wp-content\/uploads\/sites\/2\/2023\/12\/SMART-Training-Platform-Summer-School-5-300x300.png 300w, https:\/\/smart-training.ca\/fr\/wp-content\/uploads\/sites\/2\/2023\/12\/SMART-Training-Platform-Summer-School-5-150x150.png 150w, https:\/\/smart-training.ca\/fr\/wp-content\/uploads\/sites\/2\/2023\/12\/SMART-Training-Platform-Summer-School-5-768x768.png 768w, https:\/\/smart-training.ca\/fr\/wp-content\/uploads\/sites\/2\/2023\/12\/SMART-Training-Platform-Summer-School-5.png 1080w\" sizes=\"auto, (max-width: 1024px) 100vw, 1024px\" \/><\/figure><div class=\"wp-block-media-text__content\">\n<h2 class=\"wp-block-heading\">Notre impact\u00a0<\/h2>\n\n\n\n<p>Plongez dans nos rapports d&rsquo;impact : D\u00e9couvrez comment nos actions, aliment\u00e9es par la connaissance et l&rsquo;innovation, remod\u00e8lent les villes et soutiennent la formation. Explorez les histoires, les donn\u00e9es et l&rsquo;impact qui d\u00e9finissent notre engagement en faveur de la mobilisation des connaissances dans le domaine de la science de l&rsquo;application !\u00a0<\/p>\n\n\n\n<div class=\"wp-block-buttons is-layout-flex wp-block-buttons-is-layout-flex\">\n<div class=\"wp-block-button\"><a class=\"wp-block-button__link wp-element-button\" href=\"https:\/\/smart-training.ca\/fr\/impact-report\/\">Voir notre rapport d&rsquo;impact<\/a><\/div>\n<\/div>\n<\/div><\/div>\n\n\n\n<div style=\"height:50px\" aria-hidden=\"true\" class=\"wp-block-spacer\"><\/div>\n\n\n\n<h2 class=\"wp-block-heading\">Lectures \u00e9ducatives\u00a0<\/h2>\n\n\n\n<p>Une collection de publications pertinentes et \u00e9ducatives pour approfondir vos connaissances sur le th\u00e8me de la science de l&rsquo;application.\u00a0<\/p>\n\n\n\n<div class=\"wp-block-buttons is-layout-flex wp-block-buttons-is-layout-flex\">\n<div class=\"wp-block-button\"><a class=\"wp-block-button__link wp-element-button\" href=\"https:\/\/smart-training.ca\/fr\/reading-list\/\">En savoir plus!\u00a0<\/a><\/div>\n<\/div>\n","protected":false},"excerpt":{"rendered":"<p>Application des connaissances\u00a0 L&rsquo;objectif principal de la plateforme de formation SMART Healthy Cities est de fournir \u00e0 la prochaine cohorte de chercheurs en sant\u00e9, en sciences sociales, en sciences humaines, en ing\u00e9nierie et en sciences naturelles l&rsquo;expertise n\u00e9cessaire pour am\u00e9liorer la sant\u00e9, l&rsquo;habitabilit\u00e9 et la r\u00e9silience des zones urbaines canadiennes gr\u00e2ce \u00e0 l&rsquo;optimisation de l&rsquo;alimentation [&hellip;]<\/p>\n","protected":false},"author":4,"featured_media":0,"parent":0,"menu_order":0,"comment_status":"closed","ping_status":"closed","template":"","meta":{"_eb_attr":"","_uag_custom_page_level_css":"","site-sidebar-layout":"default","site-content-layout":"","ast-site-content-layout":"default","site-content-style":"default","site-sidebar-style":"default","ast-global-header-display":"","ast-banner-title-visibility":"","ast-main-header-display":"","ast-hfb-above-header-display":"","ast-hfb-below-header-display":"","ast-hfb-mobile-header-display":"","site-post-title":"disabled","ast-breadcrumbs-content":"","ast-featured-img":"","footer-sml-layout":"","theme-transparent-header-meta":"","adv-header-id-meta":"","stick-header-meta":"","header-above-stick-meta":"","header-main-stick-meta":"","header-below-stick-meta":"","astra-migrate-meta-layouts":"set","ast-page-background-enabled":"default","ast-page-background-meta":{"desktop":{"background-color":"","background-image":"","background-repeat":"repeat","background-position":"center center","background-size":"auto","background-attachment":"scroll","background-type":"","background-media":"","overlay-type":"","overlay-color":"","overlay-opacity":"","overlay-gradient":""},"tablet":{"background-color":"","background-image":"","background-repeat":"repeat","background-position":"center center","background-size":"auto","background-attachment":"scroll","background-type":"","background-media":"","overlay-type":"","overlay-color":"","overlay-opacity":"","overlay-gradient":""},"mobile":{"background-color":"","background-image":"","background-repeat":"repeat","background-position":"center center","background-size":"auto","background-attachment":"scroll","background-type":"","background-media":"","overlay-type":"","overlay-color":"","overlay-opacity":"","overlay-gradient":""}},"ast-content-background-meta":{"desktop":{"background-color":"var(--ast-global-color-5)","background-image":"","background-repeat":"repeat","background-position":"center center","background-size":"auto","background-attachment":"scroll","background-type":"","background-media":"","overlay-type":"","overlay-color":"","overlay-opacity":"","overlay-gradient":""},"tablet":{"background-color":"var(--ast-global-color-5)","background-image":"","background-repeat":"repeat","background-position":"center center","background-size":"auto","background-attachment":"scroll","background-type":"","background-media":"","overlay-type":"","overlay-color":"","overlay-opacity":"","overlay-gradient":""},"mobile":{"background-color":"var(--ast-global-color-5)","background-image":"","background-repeat":"repeat","background-position":"center center","background-size":"auto","background-attachment":"scroll","background-type":"","background-media":"","overlay-type":"","overlay-color":"","overlay-opacity":"","overlay-gradient":""}},"footnotes":""},"class_list":["post-1997","page","type-page","status-publish","hentry"],"uagb_featured_image_src":{"full":false,"thumbnail":false,"medium":false,"medium_large":false,"large":false,"1536x1536":false,"2048x2048":false,"gform-image-choice-sm":false,"gform-image-choice-md":false,"gform-image-choice-lg":false},"uagb_author_info":{"display_name":"Madison Rodrigue","author_link":"https:\/\/smart-training.ca\/fr\/blog\/author\/madison\/"},"uagb_comment_info":0,"uagb_excerpt":"Application des connaissances\u00a0 L&rsquo;objectif principal de la plateforme de formation SMART Healthy Cities est de fournir \u00e0 la prochaine cohorte de chercheurs en sant\u00e9, en sciences sociales, en sciences humaines, en ing\u00e9nierie et en sciences naturelles l&rsquo;expertise n\u00e9cessaire pour am\u00e9liorer la sant\u00e9, l&rsquo;habitabilit\u00e9 et la r\u00e9silience des zones urbaines canadiennes gr\u00e2ce \u00e0 l&rsquo;optimisation de l&rsquo;alimentation&hellip;","_links":{"self":[{"href":"https:\/\/smart-training.ca\/fr\/wp-json\/wp\/v2\/pages\/1997","targetHints":{"allow":["GET"]}}],"collection":[{"href":"https:\/\/smart-training.ca\/fr\/wp-json\/wp\/v2\/pages"}],"about":[{"href":"https:\/\/smart-training.ca\/fr\/wp-json\/wp\/v2\/types\/page"}],"author":[{"embeddable":true,"href":"https:\/\/smart-training.ca\/fr\/wp-json\/wp\/v2\/users\/4"}],"replies":[{"embeddable":true,"href":"https:\/\/smart-training.ca\/fr\/wp-json\/wp\/v2\/comments?post=1997"}],"version-history":[{"count":2,"href":"https:\/\/smart-training.ca\/fr\/wp-json\/wp\/v2\/pages\/1997\/revisions"}],"predecessor-version":[{"id":5131,"href":"https:\/\/smart-training.ca\/fr\/wp-json\/wp\/v2\/pages\/1997\/revisions\/5131"}],"wp:attachment":[{"href":"https:\/\/smart-training.ca\/fr\/wp-json\/wp\/v2\/media?parent=1997"}],"curies":[{"name":"wp","href":"https:\/\/api.w.org\/{rel}","templated":true}]}}