{"id":1998,"date":"2022-06-24T10:04:34","date_gmt":"2022-06-24T14:04:34","guid":{"rendered":"https:\/\/smart-training.ca\/fr\/?page_id=1998"},"modified":"2024-10-03T13:58:48","modified_gmt":"2024-10-03T17:58:48","slug":"reading-list","status":"publish","type":"page","link":"https:\/\/smart-training.ca\/fr\/reading-list\/","title":{"rendered":"Lectures p\u00e9dagogiques"},"content":{"rendered":"\n<div class=\"wp-block-cover alignfull is-light\"><span aria-hidden=\"true\" class=\"wp-block-cover__background has-background-dim\"><\/span><img loading=\"lazy\" decoding=\"async\" width=\"2560\" height=\"1703\" class=\"wp-block-cover__image-background wp-image-2055\" alt=\"\" src=\"https:\/\/smart-training.ca\/fr\/wp-content\/uploads\/sites\/2\/2022\/06\/glenn-carstens-peters-npxXWgQ33ZQ-unsplash-scaled.jpg\" data-object-fit=\"cover\" srcset=\"https:\/\/smart-training.ca\/fr\/wp-content\/uploads\/sites\/2\/2022\/06\/glenn-carstens-peters-npxXWgQ33ZQ-unsplash-scaled.jpg 2560w, https:\/\/smart-training.ca\/fr\/wp-content\/uploads\/sites\/2\/2022\/06\/glenn-carstens-peters-npxXWgQ33ZQ-unsplash-300x200.jpg 300w, https:\/\/smart-training.ca\/fr\/wp-content\/uploads\/sites\/2\/2022\/06\/glenn-carstens-peters-npxXWgQ33ZQ-unsplash-1024x681.jpg 1024w, https:\/\/smart-training.ca\/fr\/wp-content\/uploads\/sites\/2\/2022\/06\/glenn-carstens-peters-npxXWgQ33ZQ-unsplash-768x511.jpg 768w, https:\/\/smart-training.ca\/fr\/wp-content\/uploads\/sites\/2\/2022\/06\/glenn-carstens-peters-npxXWgQ33ZQ-unsplash-1536x1022.jpg 1536w, https:\/\/smart-training.ca\/fr\/wp-content\/uploads\/sites\/2\/2022\/06\/glenn-carstens-peters-npxXWgQ33ZQ-unsplash-2048x1363.jpg 2048w\" sizes=\"auto, (max-width: 2560px) 100vw, 2560px\" \/><div class=\"wp-block-cover__inner-container is-layout-flow wp-block-cover-is-layout-flow\">\n<h1 class=\"wp-block-heading has-text-align-center has-ast-global-color-4-color has-text-color has-large-font-size\">Lectures p\u00e9dagogiques\u00a0<\/h1>\n<\/div><\/div>\n\n\n\n<div class=\"inherit-container-width wp-block-group alignwide is-layout-constrained wp-block-group-is-layout-constrained\"><div class=\"wp-block-group__inner-container\">\n<h2 class=\"wp-block-heading\">Lectures p\u00e9dagogiques\u00a0<\/h2>\n\n\n\n<p><\/p>\n\n\n\n<p class=\"has-medium-font-size\">Une collection de publications pertinentes et \u00e9ducatives pour approfondir vos connaissances sur le th\u00e8me de la science de la mise en \u0153uvre.<\/p>\n\n\n\n<div style=\"height:10px\" aria-hidden=\"true\" class=\"wp-block-spacer\"><\/div>\n\n\n\n<p><strong><a href=\"https:\/\/pubmed.ncbi.nlm.nih.gov\/35659151\/\">Grounding implementation science in health equity for cancer prevention and control<\/a><\/strong>. PMID:&nbsp;<strong>3565915<\/strong><\/p>\n\n\n\n<p>Adsul, P., Chambers, D., Brandt, H. M., Fernandez, M. E., Ramanadhan, S., Torres, E., Leeman, J., Baquero, B., Fleischer, L., Escoffery, C., Emmons, K., Soler, M., Oh, A., Korn, A. R., Wheeler, S., &amp; Shelton, R. C. (2022). Grounding implementation science in health equity for cancer prevention and control.&nbsp;<em>Implementation science communications<\/em>,&nbsp;<em>3<\/em>(1), 56. https:\/\/doi.org\/10.1186\/s43058-022-00311-4<\/p>\n\n\n\n<div style=\"height:10px\" aria-hidden=\"true\" class=\"wp-block-spacer\"><\/div>\n\n\n\n<p><a href=\"https:\/\/pubmed.ncbi.nlm.nih.gov\/24259324\/\"><strong>Implementation research: what it is and how to do it<\/strong>.<\/a> PMID:&nbsp;<strong>24259324<\/strong><\/p>\n\n\n\n<p>Peters, D. H., Adam, T., Alonge, O., Agyepong, I. A., &amp; Tran, N. (2013). Implementation research: what it is and how to do it.&nbsp;<em>BMJ (Clinical research ed.)<\/em>,&nbsp;<em>347<\/em>, f6753. https:\/\/doi.org\/10.1136\/bmj.f6753<\/p>\n\n\n\n<div style=\"height:10px\" aria-hidden=\"true\" class=\"wp-block-spacer\"><\/div>\n\n\n\n<p><strong><a href=\"https:\/\/pubmed.ncbi.nlm.nih.gov\/26376626\/\">An introduction to implementation science for the non-specialist.<\/a><\/strong> PMID:&nbsp;<strong>26376626<\/strong><\/p>\n\n\n\n<p>Bauer, M. S., Damschroder, L., Hagedorn, H., Smith, J., &amp; Kilbourne, A. M. (2015). An introduction to implementation science for the non-specialist.&nbsp;<em>BMC psychology<\/em>,&nbsp;<em>3<\/em>(1), 32. https:\/\/doi.org\/10.1186\/s40359-015-0089-9<\/p>\n\n\n\n<div style=\"height:10px\" aria-hidden=\"true\" class=\"wp-block-spacer\"><\/div>\n\n\n\n<p><a href=\"https:\/\/pubmed.ncbi.nlm.nih.gov\/30909891\/\"><strong>From intervention to interventional system: towards greater theorization in population health intervention research.<\/strong><\/a> PMID: <strong>30909891<\/strong><\/p>\n\n\n\n<p>Cambon L, Terral P, Alla F. From intervention to interventional system: towards greater theorization in population health intervention research. BMC Public Health. 2019 Mar 25;19(1):339. doi: 10.1186\/s12889-019-6663-y. PMID: 30909891; PMCID: PMC6434858.<\/p>\n\n\n\n<div style=\"height:10px\" aria-hidden=\"true\" class=\"wp-block-spacer\"><\/div>\n\n\n\n<p><strong><a href=\"https:\/\/pubmed.ncbi.nlm.nih.gov\/32885186\/\">Implementation science made too simple: a teaching tool.<\/a><\/strong> PMID: <strong>32885186<\/strong><\/p>\n\n\n\n<p>Curran GM. Implementation science made too simple: a teaching tool. Implement Sci Commun. 2020 Feb 25;1:27. doi: 10.1186\/s43058-020-00001-z. PMID: 32885186; PMCID: PMC7427844.<\/p>\n\n\n\n<div style=\"height:10px\" aria-hidden=\"true\" class=\"wp-block-spacer\"><\/div>\n\n\n\n<div style=\"height:10px\" aria-hidden=\"true\" class=\"wp-block-spacer\"><\/div>\n<\/div><\/div>\n","protected":false},"excerpt":{"rendered":"<p>Lectures p\u00e9dagogiques\u00a0 Une collection de publications pertinentes et \u00e9ducatives pour approfondir vos connaissances sur le th\u00e8me de la science de la mise en \u0153uvre. Grounding implementation science in health equity for cancer prevention and control. PMID:&nbsp;3565915 Adsul, P., Chambers, D., Brandt, H. M., Fernandez, M. E., Ramanadhan, S., Torres, E., Leeman, J., Baquero, B., Fleischer, [&hellip;]<\/p>\n","protected":false},"author":4,"featured_media":0,"parent":0,"menu_order":0,"comment_status":"closed","ping_status":"closed","template":"","meta":{"_eb_attr":"","_uag_custom_page_level_css":"","site-sidebar-layout":"default","site-content-layout":"","ast-site-content-layout":"default","site-content-style":"default","site-sidebar-style":"default","ast-global-header-display":"","ast-banner-title-visibility":"","ast-main-header-display":"","ast-hfb-above-header-display":"","ast-hfb-below-header-display":"","ast-hfb-mobile-header-display":"","site-post-title":"disabled","ast-breadcrumbs-content":"","ast-featured-img":"","footer-sml-layout":"","theme-transparent-header-meta":"","adv-header-id-meta":"","stick-header-meta":"","header-above-stick-meta":"","header-main-stick-meta":"","header-below-stick-meta":"","astra-migrate-meta-layouts":"set","ast-page-background-enabled":"default","ast-page-background-meta":{"desktop":{"background-color":"","background-image":"","background-repeat":"repeat","background-position":"center center","background-size":"auto","background-attachment":"scroll","background-type":"","background-media":"","overlay-type":"","overlay-color":"","overlay-opacity":"","overlay-gradient":""},"tablet":{"background-color":"","background-image":"","background-repeat":"repeat","background-position":"center center","background-size":"auto","background-attachment":"scroll","background-type":"","background-media":"","overlay-type":"","overlay-color":"","overlay-opacity":"","overlay-gradient":""},"mobile":{"background-color":"","background-image":"","background-repeat":"repeat","background-position":"center center","background-size":"auto","background-attachment":"scroll","background-type":"","background-media":"","overlay-type":"","overlay-color":"","overlay-opacity":"","overlay-gradient":""}},"ast-content-background-meta":{"desktop":{"background-color":"var(--ast-global-color-5)","background-image":"","background-repeat":"repeat","background-position":"center center","background-size":"auto","background-attachment":"scroll","background-type":"","background-media":"","overlay-type":"","overlay-color":"","overlay-opacity":"","overlay-gradient":""},"tablet":{"background-color":"var(--ast-global-color-5)","background-image":"","background-repeat":"repeat","background-position":"center center","background-size":"auto","background-attachment":"scroll","background-type":"","background-media":"","overlay-type":"","overlay-color":"","overlay-opacity":"","overlay-gradient":""},"mobile":{"background-color":"var(--ast-global-color-5)","background-image":"","background-repeat":"repeat","background-position":"center center","background-size":"auto","background-attachment":"scroll","background-type":"","background-media":"","overlay-type":"","overlay-color":"","overlay-opacity":"","overlay-gradient":""}},"footnotes":""},"class_list":["post-1998","page","type-page","status-publish","hentry"],"uagb_featured_image_src":{"full":false,"thumbnail":false,"medium":false,"medium_large":false,"large":false,"1536x1536":false,"2048x2048":false,"gform-image-choice-sm":false,"gform-image-choice-md":false,"gform-image-choice-lg":false},"uagb_author_info":{"display_name":"Madison Rodrigue","author_link":"https:\/\/smart-training.ca\/fr\/blog\/author\/madison\/"},"uagb_comment_info":0,"uagb_excerpt":"Lectures p\u00e9dagogiques\u00a0 Une collection de publications pertinentes et \u00e9ducatives pour approfondir vos connaissances sur le th\u00e8me de la science de la mise en \u0153uvre. Grounding implementation science in health equity for cancer prevention and control. PMID:&nbsp;3565915 Adsul, P., Chambers, D., Brandt, H. M., Fernandez, M. E., Ramanadhan, S., Torres, E., Leeman, J., Baquero, B., Fleischer,&hellip;","_links":{"self":[{"href":"https:\/\/smart-training.ca\/fr\/wp-json\/wp\/v2\/pages\/1998","targetHints":{"allow":["GET"]}}],"collection":[{"href":"https:\/\/smart-training.ca\/fr\/wp-json\/wp\/v2\/pages"}],"about":[{"href":"https:\/\/smart-training.ca\/fr\/wp-json\/wp\/v2\/types\/page"}],"author":[{"embeddable":true,"href":"https:\/\/smart-training.ca\/fr\/wp-json\/wp\/v2\/users\/4"}],"replies":[{"embeddable":true,"href":"https:\/\/smart-training.ca\/fr\/wp-json\/wp\/v2\/comments?post=1998"}],"version-history":[{"count":3,"href":"https:\/\/smart-training.ca\/fr\/wp-json\/wp\/v2\/pages\/1998\/revisions"}],"predecessor-version":[{"id":5121,"href":"https:\/\/smart-training.ca\/fr\/wp-json\/wp\/v2\/pages\/1998\/revisions\/5121"}],"wp:attachment":[{"href":"https:\/\/smart-training.ca\/fr\/wp-json\/wp\/v2\/media?parent=1998"}],"curies":[{"name":"wp","href":"https:\/\/api.w.org\/{rel}","templated":true}]}}