{"id":2145,"date":"2022-06-28T15:01:03","date_gmt":"2022-06-28T19:01:03","guid":{"rendered":"https:\/\/smart-training.ca\/fr\/?page_id=2145"},"modified":"2025-08-01T09:30:46","modified_gmt":"2025-08-01T13:30:46","slug":"webinars-2","status":"publish","type":"page","link":"https:\/\/smart-training.ca\/fr\/webinars-2\/","title":{"rendered":"Webinaires"},"content":{"rendered":"\n<div class=\"wp-block-cover alignfull\"><img loading=\"lazy\" decoding=\"async\" width=\"2560\" height=\"1707\" class=\"wp-block-cover__image-background wp-image-3356\" alt=\"\" src=\"https:\/\/smart-training.ca\/fr\/wp-content\/uploads\/sites\/2\/2023\/03\/andrew-neel-cckf4TsHAuw-unsplash-1-5-scaled.jpg\" style=\"object-position:51% 83%\" data-object-fit=\"cover\" data-object-position=\"51% 83%\" srcset=\"https:\/\/smart-training.ca\/fr\/wp-content\/uploads\/sites\/2\/2023\/03\/andrew-neel-cckf4TsHAuw-unsplash-1-5-scaled.jpg 2560w, https:\/\/smart-training.ca\/fr\/wp-content\/uploads\/sites\/2\/2023\/03\/andrew-neel-cckf4TsHAuw-unsplash-1-5-300x200.jpg 300w, https:\/\/smart-training.ca\/fr\/wp-content\/uploads\/sites\/2\/2023\/03\/andrew-neel-cckf4TsHAuw-unsplash-1-5-1024x683.jpg 1024w, https:\/\/smart-training.ca\/fr\/wp-content\/uploads\/sites\/2\/2023\/03\/andrew-neel-cckf4TsHAuw-unsplash-1-5-768x512.jpg 768w, https:\/\/smart-training.ca\/fr\/wp-content\/uploads\/sites\/2\/2023\/03\/andrew-neel-cckf4TsHAuw-unsplash-1-5-1536x1024.jpg 1536w\" sizes=\"auto, (max-width: 2560px) 100vw, 2560px\" \/><span aria-hidden=\"true\" class=\"wp-block-cover__background has-background-dim-60 has-background-dim\"><\/span><div class=\"wp-block-cover__inner-container is-layout-flow wp-block-cover-is-layout-flow\">\n<h1 class=\"wp-block-heading has-text-align-center has-ast-global-color-4-color has-text-color has-large-font-size\">Webinaires<\/h1>\n<\/div><\/div>\n\n\n\n<div style=\"height:50px\" aria-hidden=\"true\" class=\"wp-block-spacer\"><\/div>\n\n\n\n<h2 class=\"wp-block-heading\">S\u00e9rie de webinaires SMART&nbsp;&nbsp;<\/h2>\n\n\n\n<p>La s\u00e9rie de webinaires de la plateforme de formation SMART vise \u00e0 amplifier les connaissances et l&rsquo;\u00e9ducation dans le domaine de la science de la mise en \u0153uvre. La plateforme a cr\u00e9\u00e9 un hub virtuel en tant qu&rsquo;environnement de formation innovant ax\u00e9 sur les divers domaines des villes saines, des villes intelligentes et de la science de la mise en \u0153uvre. Explorez les webinaires pr\u00e9c\u00e9dents ci-dessous pour acc\u00e9der aux enregistrements et aux ressources des webinaires archiv\u00e9s.&nbsp;&nbsp;<\/p>\n\n\n\n<div style=\"height:25px\" aria-hidden=\"true\" class=\"wp-block-spacer\"><\/div>\n\n\n\n<div style=\"height:20px\" aria-hidden=\"true\" class=\"wp-block-spacer\"><\/div>\n\n\n\n<h2 class=\"wp-block-heading\">Webinaires archiv\u00e9s&nbsp;<\/h2>\n\n\n\n<div class=\"wp-block-media-text is-stacked-on-mobile\" style=\"grid-template-columns:30% auto\"><figure class=\"wp-block-media-text__media\"><img decoding=\"async\" src=\"https:\/\/smart-training.ca\/wp-content\/uploads\/2025\/05\/1-1024x1024.png\" alt=\"\" class=\"wp-image-5389 size-full\" \/><\/figure><div class=\"wp-block-media-text__content\">\n<h5 class=\"wp-block-heading\">25 Juin 2025<\/h5>\n\n\n\n<h6 class=\"wp-block-heading\">S\u00e9rie des stagiaires 2025<\/h6>\n\n\n\n<p>SMART est ravi d&rsquo;avoir tenu notre deuxi\u00e8me s\u00e9rie de stagiaires. Nous avons eu 3 stagiaires SMART qui ont pr\u00e9sent\u00e9 leur travail actuel dans le domaine des villes saines et de la science de l&rsquo;impl\u00e9mentation.<\/p>\n\n\n\n<div class=\"wp-block-buttons is-layout-flex wp-block-buttons-is-layout-flex\">\n<div class=\"wp-block-button\"><a class=\"wp-block-button__link wp-element-button\" href=\"https:\/\/smart-training.ca\/trainee-series-2025\/\">Voir le webinaire ici<\/a><\/div>\n<\/div>\n<\/div><\/div>\n\n\n\n<div class=\"wp-block-media-text is-stacked-on-mobile\" style=\"grid-template-columns:30% auto\"><figure class=\"wp-block-media-text__media\"><img loading=\"lazy\" decoding=\"async\" width=\"1024\" height=\"1024\" src=\"https:\/\/smart-training.ca\/fr\/wp-content\/uploads\/sites\/2\/2024\/12\/haejoo-seminar-picture-1024x1024.png\" alt=\"\" class=\"wp-image-5228 size-full\" srcset=\"https:\/\/smart-training.ca\/fr\/wp-content\/uploads\/sites\/2\/2024\/12\/haejoo-seminar-picture-1024x1024.png 1024w, https:\/\/smart-training.ca\/fr\/wp-content\/uploads\/sites\/2\/2024\/12\/haejoo-seminar-picture-300x300.png 300w, https:\/\/smart-training.ca\/fr\/wp-content\/uploads\/sites\/2\/2024\/12\/haejoo-seminar-picture-150x150.png 150w, https:\/\/smart-training.ca\/fr\/wp-content\/uploads\/sites\/2\/2024\/12\/haejoo-seminar-picture-768x768.png 768w, https:\/\/smart-training.ca\/fr\/wp-content\/uploads\/sites\/2\/2024\/12\/haejoo-seminar-picture.png 1080w\" sizes=\"auto, (max-width: 1024px) 100vw, 1024px\" \/><\/figure><div class=\"wp-block-media-text__content\">\n<h5 class=\"wp-block-heading\">4 d\u00e9cembre 2024&nbsp;&nbsp;<\/h5>\n\n\n\n<h6 class=\"wp-block-heading\">Smart Healthy Cities&nbsp;: A framework for Sustainable Urban Health avec le Dr. Haejoo Chung<\/h6>\n\n\n\n<p>La plateforme de formation SMART et l\u2019\u00e9quipe d\u2019\u00e9tude sur la sant\u00e9 familiale de Guelph sont ravies d\u2019annoncer la pr\u00e9sentation d\u2019un conf\u00e9rencier distingu\u00e9. Nous accueillons le Dr Haejoo Chung de l\u2019Universit\u00e9 de Cor\u00e9e pour parler de \u00ab\u00a0Smart Healthy Cities&nbsp;: A framework for Sustainable Urban Health\u00a0\u00bb.<\/p>\n\n\n\n<div class=\"wp-block-buttons is-layout-flex wp-block-buttons-is-layout-flex\">\n<div class=\"wp-block-button\"><a class=\"wp-block-button__link wp-element-button\" href=\"https:\/\/smart-training.ca\/fr\/seminar-dr-haejoo-chung\/\">Voir le webinaire&nbsp;<\/a><\/div>\n<\/div>\n<\/div><\/div>\n\n\n\n<div class=\"wp-block-media-text is-stacked-on-mobile\" style=\"grid-template-columns:30% auto\"><figure class=\"wp-block-media-text__media\"><img loading=\"lazy\" decoding=\"async\" width=\"1024\" height=\"1024\" src=\"https:\/\/smart-training.ca\/fr\/wp-content\/uploads\/sites\/2\/2024\/03\/Untitled-design-50-1024x1024.png\" alt=\"\" class=\"wp-image-4272 size-full\" srcset=\"https:\/\/smart-training.ca\/fr\/wp-content\/uploads\/sites\/2\/2024\/03\/Untitled-design-50-1024x1024.png 1024w, https:\/\/smart-training.ca\/fr\/wp-content\/uploads\/sites\/2\/2024\/03\/Untitled-design-50-300x300.png 300w, https:\/\/smart-training.ca\/fr\/wp-content\/uploads\/sites\/2\/2024\/03\/Untitled-design-50-150x150.png 150w, https:\/\/smart-training.ca\/fr\/wp-content\/uploads\/sites\/2\/2024\/03\/Untitled-design-50-768x768.png 768w, https:\/\/smart-training.ca\/fr\/wp-content\/uploads\/sites\/2\/2024\/03\/Untitled-design-50.png 1080w\" sizes=\"auto, (max-width: 1024px) 100vw, 1024px\" \/><\/figure><div class=\"wp-block-media-text__content\">\n<h5 class=\"wp-block-heading\">11 avril 2024&nbsp;&nbsp;<\/h5>\n\n\n\n<h6 class=\"wp-block-heading\">S\u00e9rie des stagiaires&nbsp;&nbsp;<\/h6>\n\n\n\n<p>TCe webinaire propose des pr\u00e9sentations de trois de nos stagiaires, suivies chacune d&rsquo;une p\u00e9riode de discussion. La s\u00e9rie est plus qu&rsquo;une simple plateforme de partage de la recherche ; c&rsquo;est un moyen de favoriser le retour d&rsquo;information, d&rsquo;encourager les initiatives futures et d&rsquo;\u00e9tendre la port\u00e9e des travaux novateurs de nos stagiaires \u00e0 un public plus large, amplifiant ainsi leur impact sur la soci\u00e9t\u00e9.<\/p>\n\n\n\n<div class=\"wp-block-buttons is-layout-flex wp-block-buttons-is-layout-flex\">\n<div class=\"wp-block-button\"><a class=\"wp-block-button__link wp-element-button\" href=\"https:\/\/smart-training.ca\/fr\/trainee-series\/\">Voir le webinaire&nbsp;<\/a><\/div>\n<\/div>\n<\/div><\/div>\n\n\n\n<div class=\"wp-block-media-text is-stacked-on-mobile\" style=\"grid-template-columns:30% auto\"><figure class=\"wp-block-media-text__media\"><img loading=\"lazy\" decoding=\"async\" width=\"1024\" height=\"1024\" src=\"https:\/\/smart-training.ca\/fr\/wp-content\/uploads\/sites\/2\/2023\/11\/Webinar-Instagram-Post-1-1024x1024.png\" alt=\"\" class=\"wp-image-4055 size-full\" srcset=\"https:\/\/smart-training.ca\/fr\/wp-content\/uploads\/sites\/2\/2023\/11\/Webinar-Instagram-Post-1-1024x1024.png 1024w, https:\/\/smart-training.ca\/fr\/wp-content\/uploads\/sites\/2\/2023\/11\/Webinar-Instagram-Post-1-300x300.png 300w, https:\/\/smart-training.ca\/fr\/wp-content\/uploads\/sites\/2\/2023\/11\/Webinar-Instagram-Post-1-150x150.png 150w, https:\/\/smart-training.ca\/fr\/wp-content\/uploads\/sites\/2\/2023\/11\/Webinar-Instagram-Post-1-768x768.png 768w, https:\/\/smart-training.ca\/fr\/wp-content\/uploads\/sites\/2\/2023\/11\/Webinar-Instagram-Post-1.png 1080w\" sizes=\"auto, (max-width: 1024px) 100vw, 1024px\" \/><\/figure><div class=\"wp-block-media-text__content\">\n<h5 class=\"wp-block-heading\">28 avril 2023&nbsp;&nbsp;<\/h5>\n\n\n\n<h6 class=\"wp-block-heading\">Optimiser la science de la mise en \u0153uvre li\u00e9e au VIH avec le Dr. Stefan Baral&nbsp;&nbsp;<\/h6>\n\n\n\n<p>Dr. Stefan Baral est professeur au d\u00e9partement d&rsquo;\u00e9pid\u00e9miologie de l&rsquo;\u00c9cole de sant\u00e9 publique Johns Hopkins. Stefan a obtenu sa certification en m\u00e9decine communautaire en tant que membre du Coll\u00e8ge royal des m\u00e9decins et chirurgiens du Canada et en m\u00e9decine familiale avec le Conseil canadien des m\u00e9decins de famille et fournit des services de soins primaires dans les refuges desservant les personnes sans-abri.&nbsp;&nbsp;<\/p>\n\n\n\n<div class=\"wp-block-buttons is-layout-flex wp-block-buttons-is-layout-flex\">\n<div class=\"wp-block-button\"><a class=\"wp-block-button__link wp-element-button\" href=\"https:\/\/smart-training.ca\/fr\/webinar-dr-stefan-baralwebinar\/\">Voir le webinaire&nbsp;<\/a><\/div>\n<\/div>\n<\/div><\/div>\n\n\n\n<div style=\"height:25px\" aria-hidden=\"true\" class=\"wp-block-spacer\"><\/div>\n\n\n\n<div class=\"wp-block-media-text is-stacked-on-mobile\" style=\"grid-template-columns:30% auto\"><figure class=\"wp-block-media-text__media\"><img loading=\"lazy\" decoding=\"async\" width=\"1024\" height=\"1024\" src=\"https:\/\/smart-training.ca\/fr\/wp-content\/uploads\/sites\/2\/2023\/03\/Copy-of-Webinar-Instagram-Post-1024x1024.png\" alt=\"\" class=\"wp-image-3420 size-full\" srcset=\"https:\/\/smart-training.ca\/fr\/wp-content\/uploads\/sites\/2\/2023\/03\/Copy-of-Webinar-Instagram-Post-1024x1024.png 1024w, https:\/\/smart-training.ca\/fr\/wp-content\/uploads\/sites\/2\/2023\/03\/Copy-of-Webinar-Instagram-Post-300x300.png 300w, https:\/\/smart-training.ca\/fr\/wp-content\/uploads\/sites\/2\/2023\/03\/Copy-of-Webinar-Instagram-Post-150x150.png 150w, https:\/\/smart-training.ca\/fr\/wp-content\/uploads\/sites\/2\/2023\/03\/Copy-of-Webinar-Instagram-Post-768x768.png 768w, https:\/\/smart-training.ca\/fr\/wp-content\/uploads\/sites\/2\/2023\/03\/Copy-of-Webinar-Instagram-Post.png 1080w\" sizes=\"auto, (max-width: 1024px) 100vw, 1024px\" \/><\/figure><div class=\"wp-block-media-text__content\">\n<h5 class=\"wp-block-heading\">3 mai 2022&nbsp;&nbsp;<\/h5>\n\n\n\n<h6 class=\"wp-block-heading\">Comprendre et impliquer les adolescents dans l&rsquo;am\u00e9lioration de la qualit\u00e9 sanitaire de leurs choix alimentaires avec le Dr. Ellen Van Kleef&nbsp;&nbsp;<\/h6>\n\n\n\n<p>Dr. Ellen van Kleef est professeur associ\u00e9 au sein du groupe Marketing et comportement du consommateur de l&rsquo;Universit\u00e9 de Wageningen. Les recherches d&rsquo;Ellen portent sur les forces motrices qui sous-tendent les choix alimentaires des consommateurs, et plus particuli\u00e8rement sur le r\u00f4le de l&rsquo;environnement (num\u00e9rique) dans les choix des consommateurs. Ses recherches portent \u00e9galement sur les interventions environnementales et individuelles en faveur d&rsquo;une alimentation saine et durable<\/p>\n\n\n\n<div class=\"wp-block-buttons is-layout-flex wp-block-buttons-is-layout-flex\">\n<div class=\"wp-block-button\"><a class=\"wp-block-button__link wp-element-button\" href=\"https:\/\/smart-training.ca\/fr\/webinar-dr-ellen-van-kleef\/\">Voir le webinaire&nbsp;<\/a><\/div>\n<\/div>\n<\/div><\/div>\n\n\n\n<div style=\"height:25px\" aria-hidden=\"true\" class=\"wp-block-spacer\"><\/div>\n\n\n\n<div style=\"height:20px\" aria-hidden=\"true\" class=\"wp-block-spacer\"><\/div>\n","protected":false},"excerpt":{"rendered":"<p>S\u00e9rie de webinaires SMART&nbsp;&nbsp; La s\u00e9rie de webinaires de la plateforme de formation SMART vise \u00e0 amplifier les connaissances et l&rsquo;\u00e9ducation dans le domaine de la science de la mise en \u0153uvre. La plateforme a cr\u00e9\u00e9 un hub virtuel en tant qu&rsquo;environnement de formation innovant ax\u00e9 sur les divers domaines des villes saines, des villes [&hellip;]<\/p>\n","protected":false},"author":4,"featured_media":0,"parent":0,"menu_order":0,"comment_status":"closed","ping_status":"closed","template":"","meta":{"_eb_attr":"","_uag_custom_page_level_css":"","site-sidebar-layout":"default","site-content-layout":"","ast-site-content-layout":"default","site-content-style":"default","site-sidebar-style":"default","ast-global-header-display":"","ast-banner-title-visibility":"","ast-main-header-display":"","ast-hfb-above-header-display":"","ast-hfb-below-header-display":"","ast-hfb-mobile-header-display":"","site-post-title":"disabled","ast-breadcrumbs-content":"","ast-featured-img":"","footer-sml-layout":"","theme-transparent-header-meta":"","adv-header-id-meta":"","stick-header-meta":"","header-above-stick-meta":"","header-main-stick-meta":"","header-below-stick-meta":"","astra-migrate-meta-layouts":"set","ast-page-background-enabled":"default","ast-page-background-meta":{"desktop":{"background-color":"","background-image":"","background-repeat":"repeat","background-position":"center center","background-size":"auto","background-attachment":"scroll","background-type":"","background-media":"","overlay-type":"","overlay-color":"","overlay-opacity":"","overlay-gradient":""},"tablet":{"background-color":"","background-image":"","background-repeat":"repeat","background-position":"center center","background-size":"auto","background-attachment":"scroll","background-type":"","background-media":"","overlay-type":"","overlay-color":"","overlay-opacity":"","overlay-gradient":""},"mobile":{"background-color":"","background-image":"","background-repeat":"repeat","background-position":"center center","background-size":"auto","background-attachment":"scroll","background-type":"","background-media":"","overlay-type":"","overlay-color":"","overlay-opacity":"","overlay-gradient":""}},"ast-content-background-meta":{"desktop":{"background-color":"var(--ast-global-color-5)","background-image":"","background-repeat":"repeat","background-position":"center center","background-size":"auto","background-attachment":"scroll","background-type":"","background-media":"","overlay-type":"","overlay-color":"","overlay-opacity":"","overlay-gradient":""},"tablet":{"background-color":"var(--ast-global-color-5)","background-image":"","background-repeat":"repeat","background-position":"center center","background-size":"auto","background-attachment":"scroll","background-type":"","background-media":"","overlay-type":"","overlay-color":"","overlay-opacity":"","overlay-gradient":""},"mobile":{"background-color":"var(--ast-global-color-5)","background-image":"","background-repeat":"repeat","background-position":"center center","background-size":"auto","background-attachment":"scroll","background-type":"","background-media":"","overlay-type":"","overlay-color":"","overlay-opacity":"","overlay-gradient":""}},"footnotes":""},"class_list":["post-2145","page","type-page","status-publish","hentry"],"uagb_featured_image_src":{"full":false,"thumbnail":false,"medium":false,"medium_large":false,"large":false,"1536x1536":false,"2048x2048":false,"gform-image-choice-sm":false,"gform-image-choice-md":false,"gform-image-choice-lg":false},"uagb_author_info":{"display_name":"Madison Rodrigue","author_link":"https:\/\/smart-training.ca\/fr\/blog\/author\/madison\/"},"uagb_comment_info":0,"uagb_excerpt":"S\u00e9rie de webinaires SMART&nbsp;&nbsp; La s\u00e9rie de webinaires de la plateforme de formation SMART vise \u00e0 amplifier les connaissances et l&rsquo;\u00e9ducation dans le domaine de la science de la mise en \u0153uvre. La plateforme a cr\u00e9\u00e9 un hub virtuel en tant qu&rsquo;environnement de formation innovant ax\u00e9 sur les divers domaines des villes saines, des villes&hellip;","_links":{"self":[{"href":"https:\/\/smart-training.ca\/fr\/wp-json\/wp\/v2\/pages\/2145","targetHints":{"allow":["GET"]}}],"collection":[{"href":"https:\/\/smart-training.ca\/fr\/wp-json\/wp\/v2\/pages"}],"about":[{"href":"https:\/\/smart-training.ca\/fr\/wp-json\/wp\/v2\/types\/page"}],"author":[{"embeddable":true,"href":"https:\/\/smart-training.ca\/fr\/wp-json\/wp\/v2\/users\/4"}],"replies":[{"embeddable":true,"href":"https:\/\/smart-training.ca\/fr\/wp-json\/wp\/v2\/comments?post=2145"}],"version-history":[{"count":2,"href":"https:\/\/smart-training.ca\/fr\/wp-json\/wp\/v2\/pages\/2145\/revisions"}],"predecessor-version":[{"id":5241,"href":"https:\/\/smart-training.ca\/fr\/wp-json\/wp\/v2\/pages\/2145\/revisions\/5241"}],"wp:attachment":[{"href":"https:\/\/smart-training.ca\/fr\/wp-json\/wp\/v2\/media?parent=2145"}],"curies":[{"name":"wp","href":"https:\/\/api.w.org\/{rel}","templated":true}]}}