{"id":2360,"date":"2022-08-02T17:55:10","date_gmt":"2022-08-02T21:55:10","guid":{"rendered":"https:\/\/smart-training.ca\/fr\/?page_id=2360"},"modified":"2024-10-07T12:31:06","modified_gmt":"2024-10-07T16:31:06","slug":"methods-cafe-course","status":"publish","type":"page","link":"https:\/\/smart-training.ca\/fr\/methods-cafe-course\/","title":{"rendered":"Nos cours"},"content":{"rendered":"\n<div class=\"wp-block-cover alignfull is-light\"><span aria-hidden=\"true\" class=\"wp-block-cover__background has-background-dim\" style=\"background-color:#bb916c\"><\/span><img loading=\"lazy\" decoding=\"async\" width=\"2560\" height=\"1707\" class=\"wp-block-cover__image-background wp-image-4844\" alt=\"\" src=\"https:\/\/smart-training.ca\/fr\/wp-content\/uploads\/sites\/2\/2024\/09\/IMG_8701-scaled.jpg\" data-object-fit=\"cover\" srcset=\"https:\/\/smart-training.ca\/fr\/wp-content\/uploads\/sites\/2\/2024\/09\/IMG_8701-scaled.jpg 2560w, https:\/\/smart-training.ca\/fr\/wp-content\/uploads\/sites\/2\/2024\/09\/IMG_8701-300x200.jpg 300w, https:\/\/smart-training.ca\/fr\/wp-content\/uploads\/sites\/2\/2024\/09\/IMG_8701-1024x683.jpg 1024w, https:\/\/smart-training.ca\/fr\/wp-content\/uploads\/sites\/2\/2024\/09\/IMG_8701-768x512.jpg 768w, https:\/\/smart-training.ca\/fr\/wp-content\/uploads\/sites\/2\/2024\/09\/IMG_8701-1536x1024.jpg 1536w, https:\/\/smart-training.ca\/fr\/wp-content\/uploads\/sites\/2\/2024\/09\/IMG_8701-2048x1365.jpg 2048w\" sizes=\"auto, (max-width: 2560px) 100vw, 2560px\" \/><div class=\"wp-block-cover__inner-container is-layout-flow wp-block-cover-is-layout-flow\">\n<h2 class=\"wp-block-heading has-text-align-center has-white-color has-text-color has-large-font-size\">Nos cours&nbsp;&nbsp;<\/h2>\n<\/div><\/div>\n\n\n\n<div style=\"height:52px\" aria-hidden=\"true\" class=\"wp-block-spacer\"><\/div>\n\n\n\n<h2 class=\"wp-block-heading\">Nos cours&nbsp;&nbsp;<\/h2>\n\n\n\n<p>Cours offerts par notre r\u00e9seau de neuf institutions acad\u00e9miques. Il s&rsquo;agit notamment de cours li\u00e9s \u00e0 l&rsquo;\u00e9tude, \u00e0 la th\u00e9orie, \u00e0 la conception, aux m\u00e9thodologies et aux outils de la science de l&rsquo;impl\u00e9mentation, ainsi qu&rsquo;\u00e0 la convergence, \u00e0 l&rsquo;int\u00e9gration de syst\u00e8mes complexes, \u00e0 la science des donn\u00e9es et \u00e0 la mobilisation des connaissances.&nbsp;<\/p>\n\n\n\n<div style=\"height:25px\" aria-hidden=\"true\" class=\"wp-block-spacer\"><\/div>\n\n\n\n<div class=\"wp-block-columns are-vertically-aligned-bottom is-layout-flex wp-container-core-columns-is-layout-28f84493 wp-block-columns-is-layout-flex\">\n<div class=\"wp-block-column is-vertically-aligned-bottom is-layout-flow wp-block-column-is-layout-flow\" style=\"flex-basis:100%\">\n<div class=\"wp-block-columns is-layout-flex wp-container-core-columns-is-layout-28f84493 wp-block-columns-is-layout-flex\">\n<div class=\"wp-block-column is-vertically-aligned-center is-layout-flow wp-block-column-is-layout-flow\">\n<figure class=\"wp-block-image alignleft size-large has-custom-border is-resized is-style-default\"><img loading=\"lazy\" decoding=\"async\" width=\"1024\" height=\"683\" src=\"https:\/\/smart-training.ca\/fr\/wp-content\/uploads\/sites\/2\/2022\/06\/dylan-gillis-KdeqA3aTnBY-unsplash-1024x683.jpg\" alt=\"\" class=\"wp-image-2164\" style=\"border-radius:0px\" srcset=\"https:\/\/smart-training.ca\/fr\/wp-content\/uploads\/sites\/2\/2022\/06\/dylan-gillis-KdeqA3aTnBY-unsplash-1024x683.jpg 1024w, https:\/\/smart-training.ca\/fr\/wp-content\/uploads\/sites\/2\/2022\/06\/dylan-gillis-KdeqA3aTnBY-unsplash-300x200.jpg 300w, https:\/\/smart-training.ca\/fr\/wp-content\/uploads\/sites\/2\/2022\/06\/dylan-gillis-KdeqA3aTnBY-unsplash-768x512.jpg 768w, https:\/\/smart-training.ca\/fr\/wp-content\/uploads\/sites\/2\/2022\/06\/dylan-gillis-KdeqA3aTnBY-unsplash-1536x1024.jpg 1536w, https:\/\/smart-training.ca\/fr\/wp-content\/uploads\/sites\/2\/2022\/06\/dylan-gillis-KdeqA3aTnBY-unsplash-2048x1365.jpg 2048w\" sizes=\"auto, (max-width: 1024px) 100vw, 1024px\" \/><\/figure>\n<\/div>\n\n\n\n<div class=\"wp-block-column is-layout-flow wp-block-column-is-layout-flow\">\n<h3 class=\"wp-block-heading\"><a href=\"https:\/\/smart-training.ca\/fr\/our-courses\/\">Methods Caf\u00e9 Course<\/a><\/h3>\n\n\n\n<p class=\"has-text-align-left\">Ce cours expose les \u00e9tudiants \u00e0 de nouvelles recherches dans divers domaines &#8211; de l&rsquo;informatique \u00e0 la sant\u00e9 et \u00e0 la nutrition, en passant par la sociologie, le marketing et l&rsquo;\u00e9cologie &#8211; afin d&rsquo;explorer les d\u00e9fis complexes auxquels les environnements urbains sont confront\u00e9s en mati\u00e8re d&rsquo;acc\u00e8s \u00e0 la nourriture, de mobilit\u00e9 et de sant\u00e9 globale de la population. Les stagiaires apprendront comment passer de la connaissance \u00e0 l&rsquo;action, depuis les premi\u00e8res \u00e9tapes de la conception jusqu&rsquo;\u00e0 l&rsquo;ex\u00e9cution, l&rsquo;essai, la mise \u00e0 l&rsquo;\u00e9chelle et l&rsquo;\u00e9valuation. Les \u00e9tudiants se plongeront dans les m\u00e9thodes de pointe de la science de la mise en \u0153uvre qui vont de l&rsquo;engagement communautaire efficace \u00e0 la science informatique. Le cours encouragera les \u00e9tudiants \u00e0 faire preuve d&rsquo;esprit critique et \u00e0 int\u00e9grer les connaissances et la pratique pour r\u00e9soudre des probl\u00e8mes soci\u00e9taux complexes et trouver des moyens de rendre les villes plus saines, plus vivables et plus r\u00e9silientes.&nbsp;.<\/p>\n<\/div>\n<\/div>\n<\/div>\n<\/div>\n\n\n\n<div style=\"height:50px\" aria-hidden=\"true\" class=\"wp-block-spacer\"><\/div>\n\n\n\n<div class=\"wp-block-columns are-vertically-aligned-center is-layout-flex wp-container-core-columns-is-layout-28f84493 wp-block-columns-is-layout-flex\">\n<div class=\"wp-block-column is-vertically-aligned-center is-layout-flow wp-block-column-is-layout-flow\">\n<h3 class=\"wp-block-heading\"><a href=\"https:\/\/smart-training.ca\/fr\/wp-admin\/post.php?post=2362&amp;action=edit\">Implementation Design Lab<\/a><a href=\"https:\/\/smart-training.ca\/fr\/implementation-design-lab-course\/\" data-type=\"link\" data-id=\"https:\/\/smart-training.ca\/fr\/implementation-design-lab-course\/\">https:\/\/smart-training.ca\/fr\/implementation-design-lab-course\/<\/a><\/h3>\n\n\n\n<p>Les participants adoptent une approche transdisciplinaire et travaillent ensemble pour aborder des sujets li\u00e9s aux villes saines et intelligentes par le biais de la science de la mise en \u0153uvre et de la pens\u00e9e conceptuelle dans un laboratoire virtuel. Des \u00e9quipes d&rsquo;\u00e9tudiants interinstitutionnelles seront form\u00e9es afin d&rsquo;assurer un \u00e9quilibre en termes d&rsquo;exp\u00e9rience et d&rsquo;expertise disciplinaire. Les \u00e9quipes \u00e9valueront des projets du monde r\u00e9el pour tester, prototyper et d\u00e9velopper des solutions qui r\u00e9pondent aux besoins d\u00e9finis du programme. Ce cours encouragera l&rsquo;application des connaissances acquises par le biais de la plateforme de formation, y compris le SMART Methods Caf\u00e9.&nbsp;<\/p>\n<\/div>\n\n\n\n<div class=\"wp-block-column is-vertically-aligned-center is-layout-flow wp-block-column-is-layout-flow\">\n<figure class=\"wp-block-image size-large is-style-default\"><img loading=\"lazy\" decoding=\"async\" width=\"1024\" height=\"683\" src=\"https:\/\/smart-training.ca\/fr\/wp-content\/uploads\/sites\/2\/2022\/07\/jason-goodman-Oalh2MojUuk-unsplash-1024x683.jpg\" alt=\"\" class=\"wp-image-2275\" srcset=\"https:\/\/smart-training.ca\/fr\/wp-content\/uploads\/sites\/2\/2022\/07\/jason-goodman-Oalh2MojUuk-unsplash-1024x683.jpg 1024w, https:\/\/smart-training.ca\/fr\/wp-content\/uploads\/sites\/2\/2022\/07\/jason-goodman-Oalh2MojUuk-unsplash-300x200.jpg 300w, https:\/\/smart-training.ca\/fr\/wp-content\/uploads\/sites\/2\/2022\/07\/jason-goodman-Oalh2MojUuk-unsplash-768x512.jpg 768w, https:\/\/smart-training.ca\/fr\/wp-content\/uploads\/sites\/2\/2022\/07\/jason-goodman-Oalh2MojUuk-unsplash-1536x1024.jpg 1536w, https:\/\/smart-training.ca\/fr\/wp-content\/uploads\/sites\/2\/2022\/07\/jason-goodman-Oalh2MojUuk-unsplash-2048x1365.jpg 2048w\" sizes=\"auto, (max-width: 1024px) 100vw, 1024px\" \/><\/figure>\n<\/div>\n<\/div>\n\n\n\n<div style=\"height:50px\" aria-hidden=\"true\" class=\"wp-block-spacer\"><\/div>\n\n\n\n<div class=\"wp-block-columns is-layout-flex wp-container-core-columns-is-layout-28f84493 wp-block-columns-is-layout-flex\">\n<div class=\"wp-block-column is-layout-flow wp-block-column-is-layout-flow\">\n<figure class=\"wp-block-image size-large is-style-default\"><img loading=\"lazy\" decoding=\"async\" width=\"1024\" height=\"683\" src=\"https:\/\/smart-training.ca\/fr\/wp-content\/uploads\/sites\/2\/2022\/06\/avel-chuklanov-DUmFLtMeAbQ-unsplash-1024x683.jpg\" alt=\"\" class=\"wp-image-2157\" srcset=\"https:\/\/smart-training.ca\/fr\/wp-content\/uploads\/sites\/2\/2022\/06\/avel-chuklanov-DUmFLtMeAbQ-unsplash-1024x683.jpg 1024w, https:\/\/smart-training.ca\/fr\/wp-content\/uploads\/sites\/2\/2022\/06\/avel-chuklanov-DUmFLtMeAbQ-unsplash-300x200.jpg 300w, https:\/\/smart-training.ca\/fr\/wp-content\/uploads\/sites\/2\/2022\/06\/avel-chuklanov-DUmFLtMeAbQ-unsplash-768x512.jpg 768w, https:\/\/smart-training.ca\/fr\/wp-content\/uploads\/sites\/2\/2022\/06\/avel-chuklanov-DUmFLtMeAbQ-unsplash-1536x1024.jpg 1536w, https:\/\/smart-training.ca\/fr\/wp-content\/uploads\/sites\/2\/2022\/06\/avel-chuklanov-DUmFLtMeAbQ-unsplash-2048x1365.jpg 2048w\" sizes=\"auto, (max-width: 1024px) 100vw, 1024px\" \/><\/figure>\n<\/div>\n\n\n\n<div class=\"wp-block-column is-vertically-aligned-center is-layout-flow wp-block-column-is-layout-flow\">\n<h3 class=\"wp-block-heading\"><a href=\"https:\/\/smart-training.ca\/fr\/agent-based-modelling-course\/\">Agent Based Modelling<\/a><\/h3>\n\n\n\n<p>AgeLes mod\u00e8les bas\u00e9s sur les agents sont des mod\u00e8les de simulation informatique, appliqu\u00e9s dans un large \u00e9ventail de disciplines, \u00e0 travers les sciences sociales, utilis\u00e9s pour explorer des probl\u00e8mes complexes. Ce cours propose une introduction accessible aux mod\u00e8les bas\u00e9s sur les agents\/individus et aux probl\u00e8mes complexes qu&rsquo;ils permettent d&rsquo;explorer.<\/p>\n<\/div>\n<\/div>\n\n\n\n<p><\/p>\n","protected":false},"excerpt":{"rendered":"<p>Nos cours&nbsp;&nbsp; Cours offerts par notre r\u00e9seau de neuf institutions acad\u00e9miques. Il s&rsquo;agit notamment de cours li\u00e9s \u00e0 l&rsquo;\u00e9tude, \u00e0 la th\u00e9orie, \u00e0 la conception, aux m\u00e9thodologies et aux outils de la science de l&rsquo;impl\u00e9mentation, ainsi qu&rsquo;\u00e0 la convergence, \u00e0 l&rsquo;int\u00e9gration de syst\u00e8mes complexes, \u00e0 la science des donn\u00e9es et \u00e0 la mobilisation des connaissances.&nbsp; [&hellip;]<\/p>\n","protected":false},"author":4,"featured_media":0,"parent":0,"menu_order":0,"comment_status":"closed","ping_status":"closed","template":"","meta":{"_eb_attr":"","_uag_custom_page_level_css":"","site-sidebar-layout":"default","site-content-layout":"","ast-site-content-layout":"default","site-content-style":"default","site-sidebar-style":"default","ast-global-header-display":"","ast-banner-title-visibility":"","ast-main-header-display":"","ast-hfb-above-header-display":"","ast-hfb-below-header-display":"","ast-hfb-mobile-header-display":"","site-post-title":"disabled","ast-breadcrumbs-content":"","ast-featured-img":"","footer-sml-layout":"","theme-transparent-header-meta":"","adv-header-id-meta":"","stick-header-meta":"","header-above-stick-meta":"","header-main-stick-meta":"","header-below-stick-meta":"","astra-migrate-meta-layouts":"set","ast-page-background-enabled":"default","ast-page-background-meta":{"desktop":{"background-color":"","background-image":"","background-repeat":"repeat","background-position":"center center","background-size":"auto","background-attachment":"scroll","background-type":"","background-media":"","overlay-type":"","overlay-color":"","overlay-opacity":"","overlay-gradient":""},"tablet":{"background-color":"","background-image":"","background-repeat":"repeat","background-position":"center center","background-size":"auto","background-attachment":"scroll","background-type":"","background-media":"","overlay-type":"","overlay-color":"","overlay-opacity":"","overlay-gradient":""},"mobile":{"background-color":"","background-image":"","background-repeat":"repeat","background-position":"center center","background-size":"auto","background-attachment":"scroll","background-type":"","background-media":"","overlay-type":"","overlay-color":"","overlay-opacity":"","overlay-gradient":""}},"ast-content-background-meta":{"desktop":{"background-color":"var(--ast-global-color-5)","background-image":"","background-repeat":"repeat","background-position":"center center","background-size":"auto","background-attachment":"scroll","background-type":"","background-media":"","overlay-type":"","overlay-color":"","overlay-opacity":"","overlay-gradient":""},"tablet":{"background-color":"var(--ast-global-color-5)","background-image":"","background-repeat":"repeat","background-position":"center center","background-size":"auto","background-attachment":"scroll","background-type":"","background-media":"","overlay-type":"","overlay-color":"","overlay-opacity":"","overlay-gradient":""},"mobile":{"background-color":"var(--ast-global-color-5)","background-image":"","background-repeat":"repeat","background-position":"center center","background-size":"auto","background-attachment":"scroll","background-type":"","background-media":"","overlay-type":"","overlay-color":"","overlay-opacity":"","overlay-gradient":""}},"footnotes":""},"class_list":["post-2360","page","type-page","status-publish","hentry"],"uagb_featured_image_src":{"full":false,"thumbnail":false,"medium":false,"medium_large":false,"large":false,"1536x1536":false,"2048x2048":false,"gform-image-choice-sm":false,"gform-image-choice-md":false,"gform-image-choice-lg":false},"uagb_author_info":{"display_name":"Madison Rodrigue","author_link":"https:\/\/smart-training.ca\/fr\/blog\/author\/madison\/"},"uagb_comment_info":0,"uagb_excerpt":"Nos cours&nbsp;&nbsp; Cours offerts par notre r\u00e9seau de neuf institutions acad\u00e9miques. Il s&rsquo;agit notamment de cours li\u00e9s \u00e0 l&rsquo;\u00e9tude, \u00e0 la th\u00e9orie, \u00e0 la conception, aux m\u00e9thodologies et aux outils de la science de l&rsquo;impl\u00e9mentation, ainsi qu&rsquo;\u00e0 la convergence, \u00e0 l&rsquo;int\u00e9gration de syst\u00e8mes complexes, \u00e0 la science des donn\u00e9es et \u00e0 la mobilisation des connaissances.&nbsp;&hellip;","_links":{"self":[{"href":"https:\/\/smart-training.ca\/fr\/wp-json\/wp\/v2\/pages\/2360","targetHints":{"allow":["GET"]}}],"collection":[{"href":"https:\/\/smart-training.ca\/fr\/wp-json\/wp\/v2\/pages"}],"about":[{"href":"https:\/\/smart-training.ca\/fr\/wp-json\/wp\/v2\/types\/page"}],"author":[{"embeddable":true,"href":"https:\/\/smart-training.ca\/fr\/wp-json\/wp\/v2\/users\/4"}],"replies":[{"embeddable":true,"href":"https:\/\/smart-training.ca\/fr\/wp-json\/wp\/v2\/comments?post=2360"}],"version-history":[{"count":3,"href":"https:\/\/smart-training.ca\/fr\/wp-json\/wp\/v2\/pages\/2360\/revisions"}],"predecessor-version":[{"id":5186,"href":"https:\/\/smart-training.ca\/fr\/wp-json\/wp\/v2\/pages\/2360\/revisions\/5186"}],"wp:attachment":[{"href":"https:\/\/smart-training.ca\/fr\/wp-json\/wp\/v2\/media?parent=2360"}],"curies":[{"name":"wp","href":"https:\/\/api.w.org\/{rel}","templated":true}]}}