{"id":2362,"date":"2022-08-02T17:55:10","date_gmt":"2022-08-02T21:55:10","guid":{"rendered":"https:\/\/smart-training.ca\/fr\/?page_id=2362"},"modified":"2024-10-08T09:32:39","modified_gmt":"2024-10-08T13:32:39","slug":"implementation-design-lab-course","status":"publish","type":"page","link":"https:\/\/smart-training.ca\/fr\/implementation-design-lab-course\/","title":{"rendered":"Implementation Design Lab Course"},"content":{"rendered":"\n<div style=\"height:50px\" aria-hidden=\"true\" class=\"wp-block-spacer\"><\/div>\n\n\n\n<div class=\"wp-block-cover\"><span aria-hidden=\"true\" class=\"wp-block-cover__background has-background-dim\"><\/span><img loading=\"lazy\" decoding=\"async\" width=\"960\" height=\"640\" class=\"wp-block-cover__image-background wp-image-4888\" alt=\"\" src=\"https:\/\/smart-training.ca\/fr\/wp-content\/uploads\/sites\/2\/2024\/09\/image-1.jpeg\" data-object-fit=\"cover\" srcset=\"https:\/\/smart-training.ca\/fr\/wp-content\/uploads\/sites\/2\/2024\/09\/image-1.jpeg 960w, https:\/\/smart-training.ca\/fr\/wp-content\/uploads\/sites\/2\/2024\/09\/image-1-300x200.jpeg 300w, https:\/\/smart-training.ca\/fr\/wp-content\/uploads\/sites\/2\/2024\/09\/image-1-768x512.jpeg 768w\" sizes=\"auto, (max-width: 960px) 100vw, 960px\" \/><div class=\"wp-block-cover__inner-container is-layout-flow wp-block-cover-is-layout-flow\">\n<p class=\"has-text-align-center has-large-font-size\"><\/p>\n<\/div><\/div>\n\n\n\n<h1 class=\"wp-block-heading\">Implementation Design Lab<\/h1>\n\n\n\n<p class=\"has-medium-font-size\">Le laboratoire de mise en \u0153uvre est un environnement unique pour l&rsquo;apprentissage ; c&rsquo;est le lieu o\u00f9 le travail est en cours, o\u00f9 les id\u00e9es sont g\u00e9n\u00e9r\u00e9es et les donn\u00e9es test\u00e9es, et o\u00f9 les positions sont prises et d\u00e9battues tout en travaillant \u00e0 la cr\u00e9ation de communaut\u00e9s plus intelligentes et plus saines pour vivre, travailler et se divertir.<\/p>\n\n\n\n<h2 class=\"wp-block-heading\">Description du cours :<\/h2>\n\n\n\n<p>Les participants adoptent une approche transdisciplinaire et travaillent ensemble pour aborder des sujets li\u00e9s aux villes saines et intelligentes par le biais de la science de la mise en \u0153uvre et de la r\u00e9flexion sur la conception dans un laboratoire virtuel. Des \u00e9quipes d&rsquo;\u00e9tudiants interinstitutionnelles seront form\u00e9es afin d&rsquo;assurer un \u00e9quilibre en termes d&rsquo;exp\u00e9rience et d&rsquo;expertise disciplinaire. Les \u00e9quipes \u00e9valueront des projets du monde r\u00e9el pour tester, prototyper et d\u00e9velopper des solutions qui r\u00e9pondent aux besoins d\u00e9finis du programme. Ce cours encouragera l&rsquo;application des connaissances acquises par le biais de la plateforme de formation, y compris le SMART Methods Caf\u00e9.<\/p>\n\n\n\n<h2 class=\"wp-block-heading\">R\u00e9sultats de l&rsquo;apprentissage :<\/h2>\n\n\n\n<p>Apr\u00e8s avoir termin\u00e9 avec succ\u00e8s le laboratoire de mise en \u0153uvre, les \u00e9tudiants auront d\u00e9montr\u00e9 leur capacit\u00e9 et leur confiance \u00e0 :<\/p>\n\n\n\n<ul class=\"wp-block-list\">\n<li>entreprendre des probl\u00e8mes de conception stimulants, d\u00e9velopper et mettre en \u0153uvre une m\u00e9thode efficace de processus de conception et effectuer des analyses et des synth\u00e8ses appropri\u00e9es.<\/li>\n\n\n\n<li>Communiquer avec pr\u00e9cision et efficacit\u00e9 des analyses, des arguments et des id\u00e9es \u00e0 diverses parties prenantes sous des formes visuelles, \u00e9crites et orales.<\/li>\n\n\n\n<li>Appliquer des m\u00e9thodes scientifiques de mise en \u0153uvre pertinentes et appropri\u00e9es par le biais d&rsquo;une collaboration transdisciplinaire afin de promouvoir des villes intelligentes et saines<\/li>\n\n\n\n<li>S&rsquo;engager pleinement et respectueusement en tant que leader et\/ou membre d&rsquo;une \u00e9quipe pour relever les d\u00e9fis pertinents de la science de la mise en \u0153uvre.<\/li>\n\n\n\n<li>R\u00e9fl\u00e9chir de mani\u00e8re critique \u00e0 leurs objectifs personnels, acad\u00e9miques et professionnels afin de promouvoir un changement positif et innovant en leur sein ainsi que dans les communaut\u00e9s locales et mondiales.<\/li>\n<\/ul>\n\n\n\n<div style=\"height:45px\" aria-hidden=\"true\" class=\"wp-block-spacer\"><\/div>\n\n\n\n<h2 class=\"wp-block-heading\">Calendrier des cours :<\/h2>\n\n\n\n<figure class=\"wp-block-table is-style-stripes\"><table><tbody><tr><td>Week<\/td><td><strong>Topic<\/strong><\/td><\/tr><tr><td>Week 1<\/td><td>Project Kick-off Workshop<\/td><\/tr><tr><td>Week 2<\/td><td>Lab Work<\/td><\/tr><tr><td>Week 3<\/td><td>Interim Review<\/td><\/tr><tr><td>Week 4<\/td><td>Lab Work<\/td><\/tr><tr><td>Week 5<\/td><td>Lab Work<\/td><\/tr><tr><td>Week 6<\/td><td>Presentations<\/td><\/tr><tr><td><em>Reading Week<\/em><\/td><td><em>Tentative<\/em><\/td><\/tr><tr><td>Week 7<\/td><td>Lab Work<\/td><\/tr><tr><td>Week 8<\/td><td>Lab Work<\/td><\/tr><tr><td>Week 9<\/td><td>Interim Review<\/td><\/tr><tr><td>Week 10<\/td><td>Lab Work<\/td><\/tr><tr><td>Week 11<\/td><td>Lab Work<\/td><\/tr><tr><td>Week 12<\/td><td>Presentations<\/td><\/tr><\/tbody><\/table><\/figure>\n\n\n\n<div class=\"wp-block-group is-layout-constrained wp-block-group-is-layout-constrained\"><div class=\"wp-block-group__inner-container\">\n<div style=\"height:10px\" aria-hidden=\"true\" class=\"wp-block-spacer\"><\/div>\n\n\n\n<h2 class=\"wp-block-heading\">Comment s&rsquo;inscrire :<\/h2>\n\n\n\n<p>Pour vous inscrire au cours Implementation Design Lab, veuillez envoyer un courriel \u00e0 admin@smart-training.ca\/fr en pr\u00e9cisant ce qui suit :<\/p>\n\n\n\n<p>Veuillez indiquer \u00ab Implementation Design Lab course registration \u00bb dans l&rsquo;en-t\u00eate du sujet.<\/p>\n\n\n\n<p>Veuillez mentionner votre superviseur ou conseiller dans votre courriel.<\/p>\n<\/div><\/div>\n\n\n\n<p><\/p>\n","protected":false},"excerpt":{"rendered":"<p>Implementation Design Lab Le laboratoire de mise en \u0153uvre est un environnement unique pour l&rsquo;apprentissage ; c&rsquo;est le lieu o\u00f9 le travail est en cours, o\u00f9 les id\u00e9es sont g\u00e9n\u00e9r\u00e9es et les donn\u00e9es test\u00e9es, et o\u00f9 les positions sont prises et d\u00e9battues tout en travaillant \u00e0 la cr\u00e9ation de communaut\u00e9s plus intelligentes et plus saines [&hellip;]<\/p>\n","protected":false},"author":4,"featured_media":0,"parent":0,"menu_order":0,"comment_status":"closed","ping_status":"closed","template":"","meta":{"_eb_attr":"","_uag_custom_page_level_css":"","site-sidebar-layout":"default","site-content-layout":"","ast-site-content-layout":"default","site-content-style":"default","site-sidebar-style":"default","ast-global-header-display":"","ast-banner-title-visibility":"","ast-main-header-display":"","ast-hfb-above-header-display":"","ast-hfb-below-header-display":"","ast-hfb-mobile-header-display":"","site-post-title":"disabled","ast-breadcrumbs-content":"","ast-featured-img":"","footer-sml-layout":"","theme-transparent-header-meta":"","adv-header-id-meta":"","stick-header-meta":"","header-above-stick-meta":"","header-main-stick-meta":"","header-below-stick-meta":"","astra-migrate-meta-layouts":"set","ast-page-background-enabled":"default","ast-page-background-meta":{"desktop":{"background-color":"","background-image":"","background-repeat":"repeat","background-position":"center center","background-size":"auto","background-attachment":"scroll","background-type":"","background-media":"","overlay-type":"","overlay-color":"","overlay-opacity":"","overlay-gradient":""},"tablet":{"background-color":"","background-image":"","background-repeat":"repeat","background-position":"center center","background-size":"auto","background-attachment":"scroll","background-type":"","background-media":"","overlay-type":"","overlay-color":"","overlay-opacity":"","overlay-gradient":""},"mobile":{"background-color":"","background-image":"","background-repeat":"repeat","background-position":"center center","background-size":"auto","background-attachment":"scroll","background-type":"","background-media":"","overlay-type":"","overlay-color":"","overlay-opacity":"","overlay-gradient":""}},"ast-content-background-meta":{"desktop":{"background-color":"var(--ast-global-color-5)","background-image":"","background-repeat":"repeat","background-position":"center center","background-size":"auto","background-attachment":"scroll","background-type":"","background-media":"","overlay-type":"","overlay-color":"","overlay-opacity":"","overlay-gradient":""},"tablet":{"background-color":"var(--ast-global-color-5)","background-image":"","background-repeat":"repeat","background-position":"center center","background-size":"auto","background-attachment":"scroll","background-type":"","background-media":"","overlay-type":"","overlay-color":"","overlay-opacity":"","overlay-gradient":""},"mobile":{"background-color":"var(--ast-global-color-5)","background-image":"","background-repeat":"repeat","background-position":"center center","background-size":"auto","background-attachment":"scroll","background-type":"","background-media":"","overlay-type":"","overlay-color":"","overlay-opacity":"","overlay-gradient":""}},"footnotes":""},"class_list":["post-2362","page","type-page","status-publish","hentry"],"uagb_featured_image_src":{"full":false,"thumbnail":false,"medium":false,"medium_large":false,"large":false,"1536x1536":false,"2048x2048":false,"gform-image-choice-sm":false,"gform-image-choice-md":false,"gform-image-choice-lg":false},"uagb_author_info":{"display_name":"Madison Rodrigue","author_link":"https:\/\/smart-training.ca\/fr\/blog\/author\/madison\/"},"uagb_comment_info":0,"uagb_excerpt":"Implementation Design Lab Le laboratoire de mise en \u0153uvre est un environnement unique pour l&rsquo;apprentissage ; c&rsquo;est le lieu o\u00f9 le travail est en cours, o\u00f9 les id\u00e9es sont g\u00e9n\u00e9r\u00e9es et les donn\u00e9es test\u00e9es, et o\u00f9 les positions sont prises et d\u00e9battues tout en travaillant \u00e0 la cr\u00e9ation de communaut\u00e9s plus intelligentes et plus saines&hellip;","_links":{"self":[{"href":"https:\/\/smart-training.ca\/fr\/wp-json\/wp\/v2\/pages\/2362","targetHints":{"allow":["GET"]}}],"collection":[{"href":"https:\/\/smart-training.ca\/fr\/wp-json\/wp\/v2\/pages"}],"about":[{"href":"https:\/\/smart-training.ca\/fr\/wp-json\/wp\/v2\/types\/page"}],"author":[{"embeddable":true,"href":"https:\/\/smart-training.ca\/fr\/wp-json\/wp\/v2\/users\/4"}],"replies":[{"embeddable":true,"href":"https:\/\/smart-training.ca\/fr\/wp-json\/wp\/v2\/comments?post=2362"}],"version-history":[{"count":2,"href":"https:\/\/smart-training.ca\/fr\/wp-json\/wp\/v2\/pages\/2362\/revisions"}],"predecessor-version":[{"id":5188,"href":"https:\/\/smart-training.ca\/fr\/wp-json\/wp\/v2\/pages\/2362\/revisions\/5188"}],"wp:attachment":[{"href":"https:\/\/smart-training.ca\/fr\/wp-json\/wp\/v2\/media?parent=2362"}],"curies":[{"name":"wp","href":"https:\/\/api.w.org\/{rel}","templated":true}]}}