{"id":2363,"date":"2022-08-02T17:55:10","date_gmt":"2022-08-02T21:55:10","guid":{"rendered":"https:\/\/smart-training.ca\/fr\/?page_id=2363"},"modified":"2024-10-02T13:36:48","modified_gmt":"2024-10-02T17:36:48","slug":"agent-based-modelling-course","status":"publish","type":"page","link":"https:\/\/smart-training.ca\/fr\/agent-based-modelling-course\/","title":{"rendered":"Agent Based Modelling Course"},"content":{"rendered":"\n<div class=\"wp-block-cover\"><span aria-hidden=\"true\" class=\"wp-block-cover__background has-background-dim\"><\/span><img loading=\"lazy\" decoding=\"async\" width=\"2560\" height=\"1707\" class=\"wp-block-cover__image-background wp-image-3343\" alt=\"\" src=\"https:\/\/smart-training.ca\/fr\/wp-content\/uploads\/sites\/2\/2023\/03\/john-schnobrich-2FPjlAyMQTA-unsplash-scaled.jpg\" data-object-fit=\"cover\" srcset=\"https:\/\/smart-training.ca\/fr\/wp-content\/uploads\/sites\/2\/2023\/03\/john-schnobrich-2FPjlAyMQTA-unsplash-scaled.jpg 2560w, https:\/\/smart-training.ca\/fr\/wp-content\/uploads\/sites\/2\/2023\/03\/john-schnobrich-2FPjlAyMQTA-unsplash-300x200.jpg 300w, https:\/\/smart-training.ca\/fr\/wp-content\/uploads\/sites\/2\/2023\/03\/john-schnobrich-2FPjlAyMQTA-unsplash-1024x683.jpg 1024w, https:\/\/smart-training.ca\/fr\/wp-content\/uploads\/sites\/2\/2023\/03\/john-schnobrich-2FPjlAyMQTA-unsplash-768x512.jpg 768w, https:\/\/smart-training.ca\/fr\/wp-content\/uploads\/sites\/2\/2023\/03\/john-schnobrich-2FPjlAyMQTA-unsplash-1536x1024.jpg 1536w, https:\/\/smart-training.ca\/fr\/wp-content\/uploads\/sites\/2\/2023\/03\/john-schnobrich-2FPjlAyMQTA-unsplash-2048x1365.jpg 2048w\" sizes=\"auto, (max-width: 2560px) 100vw, 2560px\" \/><div class=\"wp-block-cover__inner-container is-layout-flow wp-block-cover-is-layout-flow\">\n<p class=\"has-text-align-center has-large-font-size\"><\/p>\n<\/div><\/div>\n\n\n\n<div style=\"height:50px\" aria-hidden=\"true\" class=\"wp-block-spacer\"><\/div>\n\n\n\n<h1 class=\"wp-block-heading\">Introduction \u00e0 la mod\u00e9lisation bas\u00e9e sur les agents\u00a0\u00a0<\/h1>\n\n\n\n<p class=\"has-medium-font-size\">Les mod\u00e8les bas\u00e9s sur les agents sont des mod\u00e8les de simulation informatique, appliqu\u00e9s dans un large \u00e9ventail de disciplines \u00e0 travers les sciences sociales, utilis\u00e9s pour explorer des probl\u00e8mes complexes. Ce cours propose une introduction accessible aux mod\u00e8les bas\u00e9s sur les agents\/individus et aux probl\u00e8mes complexes qu&rsquo;ils permettent d&rsquo;explorer, en mettant l&rsquo;accent sur les applications relatives aux villes saines.<\/p>\n\n\n\n<h2 class=\"wp-block-heading\">Description du cours:<\/h2>\n\n\n\n<p>Les mod\u00e8les bas\u00e9s sur des agents sont des mod\u00e8les de simulation informatique appliqu\u00e9s aux sciences sociales et (en tant que mod\u00e8les bas\u00e9s sur des individus) aux sciences \u00e9cologiques. Ces mod\u00e8les de simulation sont utilis\u00e9s pour explorer des probl\u00e8mes complexes qui d\u00e9passent les limites des math\u00e9matiques analytiques. Souvent, des mod\u00e8les simples sont \u00e9galement d\u00e9velopp\u00e9s en tant qu'\u00a0\u00bboutils de r\u00e9flexion\u00a0\u00bb exploratoires. Les mod\u00e8les classiques \u00e0 base d&rsquo;agents ont \u00e9t\u00e9 utilis\u00e9s pour \u00e9tudier la s\u00e9gr\u00e9gation urbaine, l&rsquo;imitation sociale, la formation de r\u00e9seaux sociaux, les probl\u00e8mes complexes de transport, les march\u00e9s fonciers et les mod\u00e8les pr\u00e9dateur-proie, entre autres domaines.\u00a0\u00a0<\/p>\n\n\n\n<h2 class=\"wp-block-heading\">Conditions pr\u00e9alables :\u00a0\u00a0<\/h2>\n\n\n\n<p>Il n&rsquo;y a pas de conditions pr\u00e9alables autres que l&rsquo;obtention d&rsquo;un dipl\u00f4me de deuxi\u00e8me cycle ou d&rsquo;un dipl\u00f4me d&rsquo;\u00e9tudes sup\u00e9rieures. Cependant, les \u00e9tudiants doivent avoir des connaissances en math\u00e9matiques de base et en statistiques d&rsquo;introduction. Aucune connaissance en programmation n&rsquo;est requise.\u00a0\u00a0<\/p>\n\n\n\n<p><strong>Recommandations <\/strong>: Les \u00e9tudiants doivent \u00eatre motiv\u00e9s et capables de suivre un mod\u00e8le de \u00ab\u00a0classe invers\u00e9e\u00a0\u00bb, o\u00f9 les lectures du cours sont compl\u00e9t\u00e9es et les conf\u00e9rences en ligne visionn\u00e9es avant la classe. Vous devez vous procurer le texte et effectuer les lectures et les exercices requis. Si vous \u00eates un de ces \u00e9tudiants qui n&rsquo;ach\u00e8te pas de textes et\/ou ne fait pas de lectures, ce cours n&rsquo;est pas pour vous<\/p>\n\n\n\n<h2 class=\"wp-block-heading\">Objectifs d&rsquo;apprentissage :\u00a0\u00a0<\/h2>\n\n\n\n<p>A l&rsquo;issue de ce cours, les \u00e9tudiants auront d\u00e9montr\u00e9 leur capacit\u00e9 \u00e0 :\u00a0\u00a0<\/p>\n\n\n\n<ul class=\"wp-block-list\">\n<li>Comprendre les caract\u00e9ristiques d&rsquo;un syst\u00e8me complexe. \u00catre en mesure de fournir et d&rsquo;expliquer un exemple illustratif.\u00a0\u00a0<\/li>\n\n\n\n<li>Comprendre les principes fondamentaux de la mod\u00e9lisation bas\u00e9e sur les agents.\u00a0\u00a0\n<ul class=\"wp-block-list\">\n<li>De quels types de mod\u00e8les s&rsquo;agit-il ?\u00a0\u00a0<\/li>\n\n\n\n<li>Quels sont les types de probl\u00e8mes qu&rsquo;ils permettent d&rsquo;explorer ?\u00a0\u00a0<\/li>\n<\/ul>\n<\/li>\n\n\n\n<li>Quels sont les bons principes de conception des GPA, y compris la conception, la documentation, l&rsquo;analyse et l&rsquo;interpr\u00e9tation des r\u00e9sultats ?\u00a0\u00a0<\/li>\n\n\n\n<li>Acqu\u00e9rir des comp\u00e9tences de base avec le langage de programmation NetLogo.\u00a0\u00a0<\/li>\n\n\n\n<li>Explorer et \u00e9tendre les mod\u00e8les courants bas\u00e9s sur des agents appliqu\u00e9s \u00e0 la recherche scientifique.\u00a0\u00a0<\/li>\n\n\n\n<li>Concevoir et r\u00e9aliser un projet de mod\u00e9lisation \u00e0 base d&rsquo;agents tr\u00e8s basique, adapt\u00e9 \u00e0 votre formation, \u00e0 vos objectifs acad\u00e9miques et \u00e0 vos connaissances pr\u00e9alables.\u00a0<\/li>\n<\/ul>\n\n\n\n<div style=\"height:48px\" aria-hidden=\"true\" class=\"wp-block-spacer\"><\/div>\n\n\n\n<h2 class=\"wp-block-heading\">Comment s&rsquo;inscrire ?\u00a0\u00a0<\/h2>\n\n\n\n<p>Pour vous inscrire au cours sur la mod\u00e9lisation bas\u00e9e sur les agents, veuillez envoyer un courriel \u00e0 admin@smart-training.ca et indiquer ce qui suit :\u00a0<\/p>\n\n\n\n<ul class=\"wp-block-list\">\n<li>Veuillez indiquer \u00ab\u00a0Inscription au cours ABM\u00a0\u00bb dans l&rsquo;en-t\u00eate du sujet.\u00a0\u00a0<\/li>\n\n\n\n<li>Veuillez mentionner votre superviseur ou conseiller dans votre courriel.\u00a0<\/li>\n<\/ul>\n","protected":false},"excerpt":{"rendered":"<p>Introduction \u00e0 la mod\u00e9lisation bas\u00e9e sur les agents\u00a0\u00a0 Les mod\u00e8les bas\u00e9s sur les agents sont des mod\u00e8les de simulation informatique, appliqu\u00e9s dans un large \u00e9ventail de disciplines \u00e0 travers les sciences sociales, utilis\u00e9s pour explorer des probl\u00e8mes complexes. Ce cours propose une introduction accessible aux mod\u00e8les bas\u00e9s sur les agents\/individus et aux probl\u00e8mes complexes qu&rsquo;ils [&hellip;]<\/p>\n","protected":false},"author":4,"featured_media":0,"parent":0,"menu_order":0,"comment_status":"closed","ping_status":"closed","template":"","meta":{"_eb_attr":"","_uag_custom_page_level_css":"","site-sidebar-layout":"default","site-content-layout":"","ast-site-content-layout":"default","site-content-style":"default","site-sidebar-style":"default","ast-global-header-display":"","ast-banner-title-visibility":"","ast-main-header-display":"","ast-hfb-above-header-display":"","ast-hfb-below-header-display":"","ast-hfb-mobile-header-display":"","site-post-title":"disabled","ast-breadcrumbs-content":"","ast-featured-img":"","footer-sml-layout":"","theme-transparent-header-meta":"","adv-header-id-meta":"","stick-header-meta":"","header-above-stick-meta":"","header-main-stick-meta":"","header-below-stick-meta":"","astra-migrate-meta-layouts":"set","ast-page-background-enabled":"default","ast-page-background-meta":{"desktop":{"background-color":"","background-image":"","background-repeat":"repeat","background-position":"center center","background-size":"auto","background-attachment":"scroll","background-type":"","background-media":"","overlay-type":"","overlay-color":"","overlay-opacity":"","overlay-gradient":""},"tablet":{"background-color":"","background-image":"","background-repeat":"repeat","background-position":"center center","background-size":"auto","background-attachment":"scroll","background-type":"","background-media":"","overlay-type":"","overlay-color":"","overlay-opacity":"","overlay-gradient":""},"mobile":{"background-color":"","background-image":"","background-repeat":"repeat","background-position":"center center","background-size":"auto","background-attachment":"scroll","background-type":"","background-media":"","overlay-type":"","overlay-color":"","overlay-opacity":"","overlay-gradient":""}},"ast-content-background-meta":{"desktop":{"background-color":"var(--ast-global-color-5)","background-image":"","background-repeat":"repeat","background-position":"center center","background-size":"auto","background-attachment":"scroll","background-type":"","background-media":"","overlay-type":"","overlay-color":"","overlay-opacity":"","overlay-gradient":""},"tablet":{"background-color":"var(--ast-global-color-5)","background-image":"","background-repeat":"repeat","background-position":"center center","background-size":"auto","background-attachment":"scroll","background-type":"","background-media":"","overlay-type":"","overlay-color":"","overlay-opacity":"","overlay-gradient":""},"mobile":{"background-color":"var(--ast-global-color-5)","background-image":"","background-repeat":"repeat","background-position":"center center","background-size":"auto","background-attachment":"scroll","background-type":"","background-media":"","overlay-type":"","overlay-color":"","overlay-opacity":"","overlay-gradient":""}},"footnotes":""},"class_list":["post-2363","page","type-page","status-publish","hentry"],"uagb_featured_image_src":{"full":false,"thumbnail":false,"medium":false,"medium_large":false,"large":false,"1536x1536":false,"2048x2048":false,"gform-image-choice-sm":false,"gform-image-choice-md":false,"gform-image-choice-lg":false},"uagb_author_info":{"display_name":"Madison Rodrigue","author_link":"https:\/\/smart-training.ca\/fr\/blog\/author\/madison\/"},"uagb_comment_info":0,"uagb_excerpt":"Introduction \u00e0 la mod\u00e9lisation bas\u00e9e sur les agents\u00a0\u00a0 Les mod\u00e8les bas\u00e9s sur les agents sont des mod\u00e8les de simulation informatique, appliqu\u00e9s dans un large \u00e9ventail de disciplines \u00e0 travers les sciences sociales, utilis\u00e9s pour explorer des probl\u00e8mes complexes. Ce cours propose une introduction accessible aux mod\u00e8les bas\u00e9s sur les agents\/individus et aux probl\u00e8mes complexes qu&rsquo;ils&hellip;","_links":{"self":[{"href":"https:\/\/smart-training.ca\/fr\/wp-json\/wp\/v2\/pages\/2363","targetHints":{"allow":["GET"]}}],"collection":[{"href":"https:\/\/smart-training.ca\/fr\/wp-json\/wp\/v2\/pages"}],"about":[{"href":"https:\/\/smart-training.ca\/fr\/wp-json\/wp\/v2\/types\/page"}],"author":[{"embeddable":true,"href":"https:\/\/smart-training.ca\/fr\/wp-json\/wp\/v2\/users\/4"}],"replies":[{"embeddable":true,"href":"https:\/\/smart-training.ca\/fr\/wp-json\/wp\/v2\/comments?post=2363"}],"version-history":[{"count":2,"href":"https:\/\/smart-training.ca\/fr\/wp-json\/wp\/v2\/pages\/2363\/revisions"}],"predecessor-version":[{"id":4962,"href":"https:\/\/smart-training.ca\/fr\/wp-json\/wp\/v2\/pages\/2363\/revisions\/4962"}],"wp:attachment":[{"href":"https:\/\/smart-training.ca\/fr\/wp-json\/wp\/v2\/media?parent=2363"}],"curies":[{"name":"wp","href":"https:\/\/api.w.org\/{rel}","templated":true}]}}