{"id":2520,"date":"2022-10-19T10:40:08","date_gmt":"2022-10-19T14:40:08","guid":{"rendered":"https:\/\/smart-training.ca\/fr\/?page_id=2520"},"modified":"2024-10-03T13:58:10","modified_gmt":"2024-10-03T17:58:10","slug":"impact-report","status":"publish","type":"page","link":"https:\/\/smart-training.ca\/fr\/impact-report\/","title":{"rendered":"Rapport d\u2019impact"},"content":{"rendered":"\n<div class=\"wp-block-cover alignfull is-light\"><span aria-hidden=\"true\" class=\"wp-block-cover__background has-ast-global-color-2-background-color has-background-dim-40 has-background-dim\"><\/span><img loading=\"lazy\" decoding=\"async\" width=\"1782\" height=\"2560\" class=\"wp-block-cover__image-background wp-image-2535\" alt=\"\" src=\"https:\/\/smart-training.ca\/fr\/wp-content\/uploads\/sites\/2\/2022\/10\/brandi-redd-aJTiW00qqtI-unsplash-scaled.jpg\" data-object-fit=\"cover\" srcset=\"https:\/\/smart-training.ca\/fr\/wp-content\/uploads\/sites\/2\/2022\/10\/brandi-redd-aJTiW00qqtI-unsplash-scaled.jpg 1782w, https:\/\/smart-training.ca\/fr\/wp-content\/uploads\/sites\/2\/2022\/10\/brandi-redd-aJTiW00qqtI-unsplash-209x300.jpg 209w, https:\/\/smart-training.ca\/fr\/wp-content\/uploads\/sites\/2\/2022\/10\/brandi-redd-aJTiW00qqtI-unsplash-713x1024.jpg 713w, https:\/\/smart-training.ca\/fr\/wp-content\/uploads\/sites\/2\/2022\/10\/brandi-redd-aJTiW00qqtI-unsplash-768x1103.jpg 768w, https:\/\/smart-training.ca\/fr\/wp-content\/uploads\/sites\/2\/2022\/10\/brandi-redd-aJTiW00qqtI-unsplash-1069x1536.jpg 1069w, https:\/\/smart-training.ca\/fr\/wp-content\/uploads\/sites\/2\/2022\/10\/brandi-redd-aJTiW00qqtI-unsplash-1426x2048.jpg 1426w\" sizes=\"auto, (max-width: 1782px) 100vw, 1782px\" \/><div class=\"wp-block-cover__inner-container is-layout-flow wp-block-cover-is-layout-flow\">\n<h1 class=\"wp-block-heading has-text-align-center has-white-color has-text-color has-large-font-size\">Rapport d\u2019impact<\/h1>\n<\/div><\/div>\n\n\n\n<div style=\"height:50px\" aria-hidden=\"true\" class=\"wp-block-spacer\"><\/div>\n\n\n\n<h1 class=\"wp-block-heading\">Rapport d\u2019impact<\/h1>\n\n\n\n<h3 class=\"wp-block-heading\">Rapport d&rsquo;impact de la premi\u00e8re ann\u00e9e&nbsp;&nbsp;<\/h3>\n\n\n\n<p>Juillet 2022 marque une ann\u00e9e depuis que la plateforme SMART Training a vu le jour. Nous sommes fiers de pr\u00e9senter notre rapport d&rsquo;impact et notre infographie de la premi\u00e8re ann\u00e9e. Ces documents r\u00e9sument les \u00e9tapes et les r\u00e9alisations de notre premi\u00e8re ann\u00e9e.&nbsp;<\/p>\n\n\n\n<div data-wp-interactive=\"core\/file\" class=\"wp-block-file\"><object data-wp-bind--hidden=\"!state.hasPdfPreview\" hidden class=\"wp-block-file__embed\" data=\"https:\/\/smart-training.ca\/fr\/wp-content\/uploads\/sites\/2\/2022\/10\/SMART-Training-Impact-Report-Year-1-6.pdf\" type=\"application\/pdf\" style=\"width:100%;height:600px\" aria-label=\"Contenu incorpor\u00e9 SMART-Training-Impact-Report-Year-1.\"><\/object><a id=\"wp-block-file--media-321d1de5-29c1-4c48-a79f-c6431ab9ff13\" href=\"https:\/\/smart-training.ca\/fr\/wp-content\/uploads\/sites\/2\/2022\/10\/SMART-Training-Impact-Report-Year-1-6.pdf\">SMART-Training-Impact-Report-Year-1<\/a><a href=\"https:\/\/smart-training.ca\/fr\/wp-content\/uploads\/sites\/2\/2022\/10\/SMART-Training-Impact-Report-Year-1-6.pdf\" class=\"wp-block-file__button wp-element-button\" download aria-describedby=\"wp-block-file--media-321d1de5-29c1-4c48-a79f-c6431ab9ff13\">Download<\/a><\/div>\n\n\n\n<div data-wp-interactive=\"core\/file\" class=\"wp-block-file\"><object data-wp-bind--hidden=\"!state.hasPdfPreview\" hidden class=\"wp-block-file__embed\" data=\"https:\/\/smart-training.ca\/fr\/wp-content\/uploads\/sites\/2\/2022\/10\/2022-Annual-Report-Infographic-2-2.pdf\" type=\"application\/pdf\" style=\"width:100%;height:600px\" aria-label=\"Contenu incorpor\u00e9 2022-Annual-Report-Infographic.\"><\/object><a id=\"wp-block-file--media-3b31d1e1-5f1d-4aba-880a-7c758ca7a772\" href=\"https:\/\/smart-training.ca\/fr\/wp-content\/uploads\/sites\/2\/2022\/10\/2022-Annual-Report-Infographic-2-2.pdf\">2022-Annual-Report-Infographic<\/a><a href=\"https:\/\/smart-training.ca\/fr\/wp-content\/uploads\/sites\/2\/2022\/10\/2022-Annual-Report-Infographic-2-2.pdf\" class=\"wp-block-file__button wp-element-button\" download aria-describedby=\"wp-block-file--media-3b31d1e1-5f1d-4aba-880a-7c758ca7a772\">Download<\/a><\/div>\n\n\n\n<h3 class=\"wp-block-heading\">Year Two Impact Report<\/h3>\n\n\n\n<p>Nous sommes ravis d\u2019avoir termin\u00e9 les deux ann\u00e9es de la plateforme de formation SMART. Consultez ce rapport pour voir les progr\u00e8s r\u00e9alis\u00e9s jusqu\u2019\u00e0 pr\u00e9sent&nbsp;!<\/p>\n\n\n\n<div data-wp-interactive=\"core\/file\" class=\"wp-block-file\"><object data-wp-bind--hidden=\"!state.hasPdfPreview\" hidden class=\"wp-block-file__embed\" data=\"https:\/\/smart-training.ca\/fr\/wp-content\/uploads\/sites\/2\/2024\/09\/SMART-Training-Impact-Report-Year-2-Final-3.pdf\" type=\"application\/pdf\" style=\"width:100%;height:600px\" aria-label=\"Contenu incorpor\u00e9 SMART-Training-Impact-Report-Year-2-Final-3.\"><\/object><a id=\"wp-block-file--media-5344f2d3-cc74-45f4-9a17-cf96eeef01d8\" href=\"https:\/\/smart-training.ca\/fr\/wp-content\/uploads\/sites\/2\/2024\/09\/SMART-Training-Impact-Report-Year-2-Final-3.pdf\">SMART-Training-Impact-Report-Year-2-Final-3<\/a><a href=\"https:\/\/smart-training.ca\/fr\/wp-content\/uploads\/sites\/2\/2024\/09\/SMART-Training-Impact-Report-Year-2-Final-3.pdf\" class=\"wp-block-file__button wp-element-button\" download aria-describedby=\"wp-block-file--media-5344f2d3-cc74-45f4-9a17-cf96eeef01d8\">Download<\/a><\/div>\n\n\n\n<h3 class=\"wp-block-heading\">Year Three Impact Report<\/h3>\n\n\n\n<p>En juillet 2024, la plateforme de formation SMART fonctionne depuis 3 ans. Nous sommes fiers de pr\u00e9senter notre rapport d\u2019impact de la premi\u00e8re \u00e0 la troisi\u00e8me ann\u00e9e. Ces documents r\u00e9sument le travail que nous avons accompli jusqu\u2019\u00e0 pr\u00e9sent.<\/p>\n\n\n\n<div data-wp-interactive=\"core\/file\" class=\"wp-block-file\"><object data-wp-bind--hidden=\"!state.hasPdfPreview\" hidden class=\"wp-block-file__embed\" data=\"https:\/\/smart-training.ca\/fr\/wp-content\/uploads\/sites\/2\/2024\/09\/SMART-Training-Platform-Progress-Report-year-1-3.pdf\" type=\"application\/pdf\" style=\"width:100%;height:600px\" aria-label=\"Contenu incorpor\u00e9 SMART Training Platform Progress Report (year 1-3).\"><\/object><a id=\"wp-block-file--media-9de163b9-9276-4c9f-9c88-e91c5a1fef29\" href=\"https:\/\/smart-training.ca\/fr\/wp-content\/uploads\/sites\/2\/2024\/09\/SMART-Training-Platform-Progress-Report-year-1-3.pdf\">SMART Training Platform Progress Report (year 1-3)<\/a><a href=\"https:\/\/smart-training.ca\/fr\/wp-content\/uploads\/sites\/2\/2024\/09\/SMART-Training-Platform-Progress-Report-year-1-3.pdf\" class=\"wp-block-file__button wp-element-button\" download aria-describedby=\"wp-block-file--media-9de163b9-9276-4c9f-9c88-e91c5a1fef29\">Download<\/a><\/div>\n","protected":false},"excerpt":{"rendered":"<p>Rapport d\u2019impact Rapport d&rsquo;impact de la premi\u00e8re ann\u00e9e&nbsp;&nbsp; Juillet 2022 marque une ann\u00e9e depuis que la plateforme SMART Training a vu le jour. Nous sommes fiers de pr\u00e9senter notre rapport d&rsquo;impact et notre infographie de la premi\u00e8re ann\u00e9e. Ces documents r\u00e9sument les \u00e9tapes et les r\u00e9alisations de notre premi\u00e8re ann\u00e9e.&nbsp; Year Two Impact Report Nous [&hellip;]<\/p>\n","protected":false},"author":4,"featured_media":0,"parent":0,"menu_order":0,"comment_status":"closed","ping_status":"closed","template":"","meta":{"_eb_attr":"","_uag_custom_page_level_css":"","site-sidebar-layout":"default","site-content-layout":"","ast-site-content-layout":"default","site-content-style":"default","site-sidebar-style":"default","ast-global-header-display":"","ast-banner-title-visibility":"","ast-main-header-display":"","ast-hfb-above-header-display":"","ast-hfb-below-header-display":"","ast-hfb-mobile-header-display":"","site-post-title":"disabled","ast-breadcrumbs-content":"","ast-featured-img":"","footer-sml-layout":"","theme-transparent-header-meta":"","adv-header-id-meta":"","stick-header-meta":"","header-above-stick-meta":"","header-main-stick-meta":"","header-below-stick-meta":"","astra-migrate-meta-layouts":"set","ast-page-background-enabled":"default","ast-page-background-meta":{"desktop":{"background-color":"","background-image":"","background-repeat":"repeat","background-position":"center center","background-size":"auto","background-attachment":"scroll","background-type":"","background-media":"","overlay-type":"","overlay-color":"","overlay-opacity":"","overlay-gradient":""},"tablet":{"background-color":"","background-image":"","background-repeat":"repeat","background-position":"center center","background-size":"auto","background-attachment":"scroll","background-type":"","background-media":"","overlay-type":"","overlay-color":"","overlay-opacity":"","overlay-gradient":""},"mobile":{"background-color":"","background-image":"","background-repeat":"repeat","background-position":"center center","background-size":"auto","background-attachment":"scroll","background-type":"","background-media":"","overlay-type":"","overlay-color":"","overlay-opacity":"","overlay-gradient":""}},"ast-content-background-meta":{"desktop":{"background-color":"var(--ast-global-color-5)","background-image":"","background-repeat":"repeat","background-position":"center center","background-size":"auto","background-attachment":"scroll","background-type":"","background-media":"","overlay-type":"","overlay-color":"","overlay-opacity":"","overlay-gradient":""},"tablet":{"background-color":"var(--ast-global-color-5)","background-image":"","background-repeat":"repeat","background-position":"center center","background-size":"auto","background-attachment":"scroll","background-type":"","background-media":"","overlay-type":"","overlay-color":"","overlay-opacity":"","overlay-gradient":""},"mobile":{"background-color":"var(--ast-global-color-5)","background-image":"","background-repeat":"repeat","background-position":"center center","background-size":"auto","background-attachment":"scroll","background-type":"","background-media":"","overlay-type":"","overlay-color":"","overlay-opacity":"","overlay-gradient":""}},"footnotes":""},"class_list":["post-2520","page","type-page","status-publish","hentry"],"uagb_featured_image_src":{"full":false,"thumbnail":false,"medium":false,"medium_large":false,"large":false,"1536x1536":false,"2048x2048":false,"gform-image-choice-sm":false,"gform-image-choice-md":false,"gform-image-choice-lg":false},"uagb_author_info":{"display_name":"Madison Rodrigue","author_link":"https:\/\/smart-training.ca\/fr\/blog\/author\/madison\/"},"uagb_comment_info":0,"uagb_excerpt":"Rapport d\u2019impact Rapport d&rsquo;impact de la premi\u00e8re ann\u00e9e&nbsp;&nbsp; Juillet 2022 marque une ann\u00e9e depuis que la plateforme SMART Training a vu le jour. Nous sommes fiers de pr\u00e9senter notre rapport d&rsquo;impact et notre infographie de la premi\u00e8re ann\u00e9e. Ces documents r\u00e9sument les \u00e9tapes et les r\u00e9alisations de notre premi\u00e8re ann\u00e9e.&nbsp; Year Two Impact Report Nous&hellip;","_links":{"self":[{"href":"https:\/\/smart-training.ca\/fr\/wp-json\/wp\/v2\/pages\/2520","targetHints":{"allow":["GET"]}}],"collection":[{"href":"https:\/\/smart-training.ca\/fr\/wp-json\/wp\/v2\/pages"}],"about":[{"href":"https:\/\/smart-training.ca\/fr\/wp-json\/wp\/v2\/types\/page"}],"author":[{"embeddable":true,"href":"https:\/\/smart-training.ca\/fr\/wp-json\/wp\/v2\/users\/4"}],"replies":[{"embeddable":true,"href":"https:\/\/smart-training.ca\/fr\/wp-json\/wp\/v2\/comments?post=2520"}],"version-history":[{"count":3,"href":"https:\/\/smart-training.ca\/fr\/wp-json\/wp\/v2\/pages\/2520\/revisions"}],"predecessor-version":[{"id":5120,"href":"https:\/\/smart-training.ca\/fr\/wp-json\/wp\/v2\/pages\/2520\/revisions\/5120"}],"wp:attachment":[{"href":"https:\/\/smart-training.ca\/fr\/wp-json\/wp\/v2\/media?parent=2520"}],"curies":[{"name":"wp","href":"https:\/\/api.w.org\/{rel}","templated":true}]}}