{"id":4048,"date":"2023-11-15T15:07:41","date_gmt":"2023-11-15T20:07:41","guid":{"rendered":"https:\/\/smart-training.ca\/fr\/?page_id=4048"},"modified":"2024-10-02T12:20:40","modified_gmt":"2024-10-02T16:20:40","slug":"webinar-dr-ellen-van-kleef","status":"publish","type":"page","link":"https:\/\/smart-training.ca\/fr\/webinar-dr-ellen-van-kleef\/","title":{"rendered":"Webinar: Dr. Ellen Van Kleef"},"content":{"rendered":"\n<div style=\"height:50px\" aria-hidden=\"true\" class=\"wp-block-spacer\"><\/div>\n\n\n\n<h2 class=\"wp-block-heading\">La s\u00e9rie de webinaires sur la plate-forme de formation SMART\u00a0<\/h2>\n\n\n\n<h3 class=\"wp-block-heading\">Comprendre et inciter les adolescents \u00e0 am\u00e9liorer la qualit\u00e9 sanitaire de leurs choix alimentaires avec le Dr. Ellen Van Kleef\u00a0<\/h3>\n\n\n\n<h5 class=\"wp-block-heading\">Abstract:<\/h5>\n\n\n\n<p>L&rsquo;adolescence est une p\u00e9riode de transition dans la vie, marqu\u00e9e par d&rsquo;importants changements d\u00e9veloppementaux, sociaux et environnementaux qui influencent les comportements alimentaires. Les adolescents agissent de plus en plus par eux-m\u00eames lorsqu&rsquo;il s&rsquo;agit d&rsquo;acheter et de consommer des aliments. Les transitions dans l&rsquo;environnement scolaire peuvent \u00e9galement modifier les habitudes alimentaires. J&rsquo;aborderai les facteurs \u00e0 l&rsquo;origine de ces changements, tels que le r\u00f4le du marketing alimentaire dans les m\u00e9dias sociaux, l&rsquo;autonomie individuelle en mati\u00e8re d&rsquo;alimentation et les pratiques parentales de soutien. Pour d\u00e9velopper des approches efficaces visant \u00e0 promouvoir une alimentation saine au cours de cette p\u00e9riode cl\u00e9 de la vie, il est important de comprendre comment impliquer les jeunes dans le d\u00e9veloppement des interventions afin de leur donner un sentiment d&rsquo;appartenance. Je conclurai mon expos\u00e9 en pr\u00e9sentant un projet de recherche qui a \u00e9tudi\u00e9 l&rsquo;engagement des \u00e9l\u00e8ves dans la conception des cantines scolaires. Les r\u00e9sultats de ce projet montrent \u00e9galement l&rsquo;effet de l&rsquo;augmentation de la disponibilit\u00e9 d&rsquo;aliments plus sains dans les cantines scolaires sur les ventes, l&rsquo;attitude des \u00e9l\u00e8ves et les comportements d\u00e9clar\u00e9s<\/p>\n\n\n\n<div class=\"wp-block-media-text is-stacked-on-mobile\" style=\"grid-template-columns:26% auto\"><figure class=\"wp-block-media-text__media\"><img loading=\"lazy\" decoding=\"async\" width=\"1024\" height=\"1024\" src=\"https:\/\/smart-training.ca\/fr\/wp-content\/uploads\/sites\/2\/2023\/03\/SMART-Website-trainee-headshots-12-2-1024x1024.png\" alt=\"\" class=\"wp-image-3422 size-full\" srcset=\"https:\/\/smart-training.ca\/fr\/wp-content\/uploads\/sites\/2\/2023\/03\/SMART-Website-trainee-headshots-12-2-1024x1024.png 1024w, https:\/\/smart-training.ca\/fr\/wp-content\/uploads\/sites\/2\/2023\/03\/SMART-Website-trainee-headshots-12-2-300x300.png 300w, https:\/\/smart-training.ca\/fr\/wp-content\/uploads\/sites\/2\/2023\/03\/SMART-Website-trainee-headshots-12-2-150x150.png 150w, https:\/\/smart-training.ca\/fr\/wp-content\/uploads\/sites\/2\/2023\/03\/SMART-Website-trainee-headshots-12-2-768x768.png 768w, https:\/\/smart-training.ca\/fr\/wp-content\/uploads\/sites\/2\/2023\/03\/SMART-Website-trainee-headshots-12-2.png 1080w\" sizes=\"auto, (max-width: 1024px) 100vw, 1024px\" \/><\/figure><div class=\"wp-block-media-text__content\">\n<h5 class=\"wp-block-heading\">Dr. Ellen van Kleef<\/h5>\n\n\n\n<h6 class=\"wp-block-heading\">Groupe Marketing et comportement du consommateur, Universit\u00e9 de Wageningen, Pays-Bas\u00a0\u00a0<\/h6>\n\n\n\n<p>Dr. Ellen van Kleef est professeur associ\u00e9 au sein du groupe Marketing et comportement du consommateur de l&rsquo;universit\u00e9 de Wageningen. Les recherches d&rsquo;Ellen portent sur les forces motrices qui sous-tendent les choix alimentaires des consommateurs, et plus particuli\u00e8rement sur le r\u00f4le de l&rsquo;environnement (num\u00e9rique) dans les choix des consommateurs. Ses recherches portent \u00e9galement sur les interventions environnementales et individuelles en faveur d&rsquo;une alimentation saine et durable<\/p>\n<\/div><\/div>\n\n\n\n<div style=\"height:25px\" aria-hidden=\"true\" class=\"wp-block-spacer\"><\/div>\n\n\n\n<figure class=\"wp-block-embed is-type-video is-provider-vimeo wp-block-embed-vimeo wp-embed-aspect-16-9 wp-has-aspect-ratio\"><div class=\"wp-block-embed__wrapper\">\n<div class=\"ast-oembed-container \" style=\"height: 100%;\"><iframe loading=\"lazy\" title=\"Ellen Van Kleef Webinar 2022\" src=\"https:\/\/player.vimeo.com\/video\/812846855?dnt=1&amp;app_id=122963\" width=\"500\" height=\"281\" frameborder=\"0\" allow=\"autoplay; fullscreen; picture-in-picture; clipboard-write\"><\/iframe><\/div>\n<\/div><\/figure>\n","protected":false},"excerpt":{"rendered":"<p>La s\u00e9rie de webinaires sur la plate-forme de formation SMART\u00a0 Comprendre et inciter les adolescents \u00e0 am\u00e9liorer la qualit\u00e9 sanitaire de leurs choix alimentaires avec le Dr. Ellen Van Kleef\u00a0 Abstract: L&rsquo;adolescence est une p\u00e9riode de transition dans la vie, marqu\u00e9e par d&rsquo;importants changements d\u00e9veloppementaux, sociaux et environnementaux qui influencent les comportements alimentaires. Les adolescents [&hellip;]<\/p>\n","protected":false},"author":4,"featured_media":0,"parent":0,"menu_order":0,"comment_status":"closed","ping_status":"closed","template":"","meta":{"_eb_attr":"","_uag_custom_page_level_css":"","site-sidebar-layout":"default","site-content-layout":"","ast-site-content-layout":"default","site-content-style":"default","site-sidebar-style":"default","ast-global-header-display":"","ast-banner-title-visibility":"","ast-main-header-display":"","ast-hfb-above-header-display":"","ast-hfb-below-header-display":"","ast-hfb-mobile-header-display":"","site-post-title":"disabled","ast-breadcrumbs-content":"","ast-featured-img":"","footer-sml-layout":"","theme-transparent-header-meta":"","adv-header-id-meta":"","stick-header-meta":"","header-above-stick-meta":"","header-main-stick-meta":"","header-below-stick-meta":"","astra-migrate-meta-layouts":"set","ast-page-background-enabled":"default","ast-page-background-meta":{"desktop":{"background-color":"","background-image":"","background-repeat":"repeat","background-position":"center center","background-size":"auto","background-attachment":"scroll","background-type":"","background-media":"","overlay-type":"","overlay-color":"","overlay-opacity":"","overlay-gradient":""},"tablet":{"background-color":"","background-image":"","background-repeat":"repeat","background-position":"center center","background-size":"auto","background-attachment":"scroll","background-type":"","background-media":"","overlay-type":"","overlay-color":"","overlay-opacity":"","overlay-gradient":""},"mobile":{"background-color":"","background-image":"","background-repeat":"repeat","background-position":"center center","background-size":"auto","background-attachment":"scroll","background-type":"","background-media":"","overlay-type":"","overlay-color":"","overlay-opacity":"","overlay-gradient":""}},"ast-content-background-meta":{"desktop":{"background-color":"var(--ast-global-color-5)","background-image":"","background-repeat":"repeat","background-position":"center center","background-size":"auto","background-attachment":"scroll","background-type":"","background-media":"","overlay-type":"","overlay-color":"","overlay-opacity":"","overlay-gradient":""},"tablet":{"background-color":"var(--ast-global-color-5)","background-image":"","background-repeat":"repeat","background-position":"center center","background-size":"auto","background-attachment":"scroll","background-type":"","background-media":"","overlay-type":"","overlay-color":"","overlay-opacity":"","overlay-gradient":""},"mobile":{"background-color":"var(--ast-global-color-5)","background-image":"","background-repeat":"repeat","background-position":"center center","background-size":"auto","background-attachment":"scroll","background-type":"","background-media":"","overlay-type":"","overlay-color":"","overlay-opacity":"","overlay-gradient":""}},"footnotes":""},"class_list":["post-4048","page","type-page","status-publish","hentry"],"uagb_featured_image_src":{"full":false,"thumbnail":false,"medium":false,"medium_large":false,"large":false,"1536x1536":false,"2048x2048":false,"gform-image-choice-sm":false,"gform-image-choice-md":false,"gform-image-choice-lg":false},"uagb_author_info":{"display_name":"Madison Rodrigue","author_link":"https:\/\/smart-training.ca\/fr\/blog\/author\/madison\/"},"uagb_comment_info":0,"uagb_excerpt":"La s\u00e9rie de webinaires sur la plate-forme de formation SMART\u00a0 Comprendre et inciter les adolescents \u00e0 am\u00e9liorer la qualit\u00e9 sanitaire de leurs choix alimentaires avec le Dr. Ellen Van Kleef\u00a0 Abstract: L&rsquo;adolescence est une p\u00e9riode de transition dans la vie, marqu\u00e9e par d&rsquo;importants changements d\u00e9veloppementaux, sociaux et environnementaux qui influencent les comportements alimentaires. Les adolescents&hellip;","_links":{"self":[{"href":"https:\/\/smart-training.ca\/fr\/wp-json\/wp\/v2\/pages\/4048","targetHints":{"allow":["GET"]}}],"collection":[{"href":"https:\/\/smart-training.ca\/fr\/wp-json\/wp\/v2\/pages"}],"about":[{"href":"https:\/\/smart-training.ca\/fr\/wp-json\/wp\/v2\/types\/page"}],"author":[{"embeddable":true,"href":"https:\/\/smart-training.ca\/fr\/wp-json\/wp\/v2\/users\/4"}],"replies":[{"embeddable":true,"href":"https:\/\/smart-training.ca\/fr\/wp-json\/wp\/v2\/comments?post=4048"}],"version-history":[{"count":2,"href":"https:\/\/smart-training.ca\/fr\/wp-json\/wp\/v2\/pages\/4048\/revisions"}],"predecessor-version":[{"id":4951,"href":"https:\/\/smart-training.ca\/fr\/wp-json\/wp\/v2\/pages\/4048\/revisions\/4951"}],"wp:attachment":[{"href":"https:\/\/smart-training.ca\/fr\/wp-json\/wp\/v2\/media?parent=4048"}],"curies":[{"name":"wp","href":"https:\/\/api.w.org\/{rel}","templated":true}]}}