{"id":4057,"date":"2023-11-15T15:17:14","date_gmt":"2023-11-15T20:17:14","guid":{"rendered":"https:\/\/smart-training.ca\/fr\/?page_id=4057"},"modified":"2024-10-02T13:00:41","modified_gmt":"2024-10-02T17:00:41","slug":"webinar-dr-stefan-baralwebinar","status":"publish","type":"page","link":"https:\/\/smart-training.ca\/fr\/webinar-dr-stefan-baralwebinar\/","title":{"rendered":"Webinar: Dr. Stefan BaralWebinar"},"content":{"rendered":"\n<div style=\"height:50px\" aria-hidden=\"true\" class=\"wp-block-spacer\"><\/div>\n\n\n\n<h2 class=\"wp-block-heading\">La s\u00e9rie de webinaires sur la plate-forme de formation SMART\u00a0<\/h2>\n\n\n\n<h3 class=\"wp-block-heading\">Optimiser la science de la mise en \u0153uvre dans le domaine du HIV\u00a0<\/h3>\n\n\n\n<h5 class=\"wp-block-heading\">Abstract:<\/h5>\n\n\n\n<p>Dans cette session, nous examinerons certains des obstacles \u00e0 l&rsquo;am\u00e9lioration de l&rsquo;int\u00e9gration de la recherche sur la mise en \u0153uvre dans l&rsquo;\u00e9laboration de lignes directrices pour les services. En outre, nous examinerons les r\u00e9sultats d&rsquo;une r\u00e9cente \u00e9valuation syst\u00e9matique des strat\u00e9gies de mise en \u0153uvre utilis\u00e9es et des possibilit\u00e9s d&rsquo;impliquer diff\u00e9rents acteurs et cibles dans les strat\u00e9gies d&rsquo;intervention. La recherche engag\u00e9e par la communaut\u00e9 est consid\u00e9r\u00e9e comme essentielle pour am\u00e9liorer la recherche sur la mise en \u0153uvre et je partagerai une \u00e9valuation r\u00e9cente des facilitateurs et des obstacles \u00e0 des partenariats plus efficaces entre les groupes communautaires et les institutions acad\u00e9miques dans le contexte de la recherche sur le VIH. Enfin, les chercheurs en mise en \u0153uvre sont profond\u00e9ment attach\u00e9s \u00e0 l&rsquo;impact de leur recherche sur le monde r\u00e9el. \u00c0 cette fin, nous \u00e9valuerons la \u00ab\u00a0v\u00e9locit\u00e9\u00a0\u00bb des donn\u00e9es de la recherche sur la mise en \u0153uvre et les possibilit\u00e9s d&rsquo;am\u00e9liorer l&rsquo;impact de notre travail sur le monde r\u00e9el.<\/p>\n\n\n\n<div class=\"wp-block-media-text is-stacked-on-mobile\" style=\"grid-template-columns:31% auto\"><figure class=\"wp-block-media-text__media\"><img loading=\"lazy\" decoding=\"async\" width=\"452\" height=\"361\" src=\"https:\/\/smart-training.ca\/fr\/wp-content\/uploads\/sites\/2\/2023\/11\/stefanbaral1_crop.png\" alt=\"\" class=\"wp-image-4058 size-full\" srcset=\"https:\/\/smart-training.ca\/fr\/wp-content\/uploads\/sites\/2\/2023\/11\/stefanbaral1_crop.png 452w, https:\/\/smart-training.ca\/fr\/wp-content\/uploads\/sites\/2\/2023\/11\/stefanbaral1_crop-300x240.png 300w\" sizes=\"auto, (max-width: 452px) 100vw, 452px\" \/><\/figure><div class=\"wp-block-media-text__content\">\n<h5 class=\"wp-block-heading\">Dr. Stefan Baral<\/h5>\n\n\n\n<h6 class=\"wp-block-heading\">Directeur, Programme des populations cl\u00e9s, Centre pour la sant\u00e9 publique et les droits de l&rsquo;homme\u00a0\u00a0<\/h6>\n\n\n\n<p>Dr. Stefan Baral est professeur au d\u00e9partement d&rsquo;\u00e9pid\u00e9miologie de la Johns Hopkins School of Public Health. Stefan a obtenu sa certification en m\u00e9decine communautaire en tant que membre du Coll\u00e8ge royal des m\u00e9decins et chirurgiens du Canada et en m\u00e9decine familiale aupr\u00e8s du Conseil canadien des m\u00e9decins de famille. Il fournit des services de soins primaires dans des centres d&rsquo;h\u00e9bergement pour personnes sans domicile fixe.\u00a0<\/p>\n<\/div><\/div>\n\n\n\n<div style=\"height:25px\" aria-hidden=\"true\" class=\"wp-block-spacer\"><\/div>\n\n\n\n<figure class=\"wp-block-embed is-type-video is-provider-vimeo wp-block-embed-vimeo wp-embed-aspect-16-9 wp-has-aspect-ratio\"><div class=\"wp-block-embed__wrapper\">\n<div class=\"ast-oembed-container \" style=\"height: 100%;\"><iframe loading=\"lazy\" title=\"Webinar: Stefan Baral\" src=\"https:\/\/player.vimeo.com\/video\/885227574?dnt=1&amp;app_id=122963\" width=\"500\" height=\"281\" frameborder=\"0\" allow=\"autoplay; fullscreen; picture-in-picture; clipboard-write\"><\/iframe><\/div>\n<\/div><\/figure>\n","protected":false},"excerpt":{"rendered":"<p>La s\u00e9rie de webinaires sur la plate-forme de formation SMART\u00a0 Optimiser la science de la mise en \u0153uvre dans le domaine du HIV\u00a0 Abstract: Dans cette session, nous examinerons certains des obstacles \u00e0 l&rsquo;am\u00e9lioration de l&rsquo;int\u00e9gration de la recherche sur la mise en \u0153uvre dans l&rsquo;\u00e9laboration de lignes directrices pour les services. En outre, nous [&hellip;]<\/p>\n","protected":false},"author":4,"featured_media":0,"parent":0,"menu_order":0,"comment_status":"closed","ping_status":"closed","template":"","meta":{"_eb_attr":"","_uag_custom_page_level_css":"","site-sidebar-layout":"default","site-content-layout":"","ast-site-content-layout":"default","site-content-style":"default","site-sidebar-style":"default","ast-global-header-display":"","ast-banner-title-visibility":"","ast-main-header-display":"","ast-hfb-above-header-display":"","ast-hfb-below-header-display":"","ast-hfb-mobile-header-display":"","site-post-title":"disabled","ast-breadcrumbs-content":"","ast-featured-img":"","footer-sml-layout":"","theme-transparent-header-meta":"","adv-header-id-meta":"","stick-header-meta":"","header-above-stick-meta":"","header-main-stick-meta":"","header-below-stick-meta":"","astra-migrate-meta-layouts":"set","ast-page-background-enabled":"default","ast-page-background-meta":{"desktop":{"background-color":"","background-image":"","background-repeat":"repeat","background-position":"center center","background-size":"auto","background-attachment":"scroll","background-type":"","background-media":"","overlay-type":"","overlay-color":"","overlay-opacity":"","overlay-gradient":""},"tablet":{"background-color":"","background-image":"","background-repeat":"repeat","background-position":"center center","background-size":"auto","background-attachment":"scroll","background-type":"","background-media":"","overlay-type":"","overlay-color":"","overlay-opacity":"","overlay-gradient":""},"mobile":{"background-color":"","background-image":"","background-repeat":"repeat","background-position":"center center","background-size":"auto","background-attachment":"scroll","background-type":"","background-media":"","overlay-type":"","overlay-color":"","overlay-opacity":"","overlay-gradient":""}},"ast-content-background-meta":{"desktop":{"background-color":"var(--ast-global-color-5)","background-image":"","background-repeat":"repeat","background-position":"center center","background-size":"auto","background-attachment":"scroll","background-type":"","background-media":"","overlay-type":"","overlay-color":"","overlay-opacity":"","overlay-gradient":""},"tablet":{"background-color":"var(--ast-global-color-5)","background-image":"","background-repeat":"repeat","background-position":"center center","background-size":"auto","background-attachment":"scroll","background-type":"","background-media":"","overlay-type":"","overlay-color":"","overlay-opacity":"","overlay-gradient":""},"mobile":{"background-color":"var(--ast-global-color-5)","background-image":"","background-repeat":"repeat","background-position":"center center","background-size":"auto","background-attachment":"scroll","background-type":"","background-media":"","overlay-type":"","overlay-color":"","overlay-opacity":"","overlay-gradient":""}},"footnotes":""},"class_list":["post-4057","page","type-page","status-publish","hentry"],"uagb_featured_image_src":{"full":false,"thumbnail":false,"medium":false,"medium_large":false,"large":false,"1536x1536":false,"2048x2048":false,"gform-image-choice-sm":false,"gform-image-choice-md":false,"gform-image-choice-lg":false},"uagb_author_info":{"display_name":"Madison Rodrigue","author_link":"https:\/\/smart-training.ca\/fr\/blog\/author\/madison\/"},"uagb_comment_info":0,"uagb_excerpt":"La s\u00e9rie de webinaires sur la plate-forme de formation SMART\u00a0 Optimiser la science de la mise en \u0153uvre dans le domaine du HIV\u00a0 Abstract: Dans cette session, nous examinerons certains des obstacles \u00e0 l&rsquo;am\u00e9lioration de l&rsquo;int\u00e9gration de la recherche sur la mise en \u0153uvre dans l&rsquo;\u00e9laboration de lignes directrices pour les services. En outre, nous&hellip;","_links":{"self":[{"href":"https:\/\/smart-training.ca\/fr\/wp-json\/wp\/v2\/pages\/4057","targetHints":{"allow":["GET"]}}],"collection":[{"href":"https:\/\/smart-training.ca\/fr\/wp-json\/wp\/v2\/pages"}],"about":[{"href":"https:\/\/smart-training.ca\/fr\/wp-json\/wp\/v2\/types\/page"}],"author":[{"embeddable":true,"href":"https:\/\/smart-training.ca\/fr\/wp-json\/wp\/v2\/users\/4"}],"replies":[{"embeddable":true,"href":"https:\/\/smart-training.ca\/fr\/wp-json\/wp\/v2\/comments?post=4057"}],"version-history":[{"count":2,"href":"https:\/\/smart-training.ca\/fr\/wp-json\/wp\/v2\/pages\/4057\/revisions"}],"predecessor-version":[{"id":4954,"href":"https:\/\/smart-training.ca\/fr\/wp-json\/wp\/v2\/pages\/4057\/revisions\/4954"}],"wp:attachment":[{"href":"https:\/\/smart-training.ca\/fr\/wp-json\/wp\/v2\/media?parent=4057"}],"curies":[{"name":"wp","href":"https:\/\/api.w.org\/{rel}","templated":true}]}}