{"id":4307,"date":"2024-04-11T15:26:29","date_gmt":"2024-04-11T19:26:29","guid":{"rendered":"https:\/\/smart-training.ca\/fr\/?page_id=4307"},"modified":"2024-10-02T11:51:32","modified_gmt":"2024-10-02T15:51:32","slug":"2024-summer-school","status":"publish","type":"page","link":"https:\/\/smart-training.ca\/fr\/2024-summer-school\/","title":{"rendered":"Cours d&rsquo;\u00e9t\u00e9 2024\u00a0\u00a0"},"content":{"rendered":"\n<div style=\"height:50px\" aria-hidden=\"true\" class=\"wp-block-spacer\"><\/div>\n\n\n\n<div class=\"wp-block-cover alignfull\"><span aria-hidden=\"true\" class=\"wp-block-cover__background has-ast-global-color-5-background-color has-background-dim\"><\/span><img loading=\"lazy\" decoding=\"async\" width=\"2560\" height=\"1707\" class=\"wp-block-cover__image-background wp-image-4646\" alt=\"\" src=\"https:\/\/smart-training.ca\/fr\/wp-content\/uploads\/sites\/2\/2024\/09\/IMG_8736-1-scaled.jpg\" data-object-fit=\"cover\" srcset=\"https:\/\/smart-training.ca\/fr\/wp-content\/uploads\/sites\/2\/2024\/09\/IMG_8736-1-scaled.jpg 2560w, https:\/\/smart-training.ca\/fr\/wp-content\/uploads\/sites\/2\/2024\/09\/IMG_8736-1-300x200.jpg 300w, https:\/\/smart-training.ca\/fr\/wp-content\/uploads\/sites\/2\/2024\/09\/IMG_8736-1-1024x683.jpg 1024w, https:\/\/smart-training.ca\/fr\/wp-content\/uploads\/sites\/2\/2024\/09\/IMG_8736-1-768x512.jpg 768w, https:\/\/smart-training.ca\/fr\/wp-content\/uploads\/sites\/2\/2024\/09\/IMG_8736-1-1536x1024.jpg 1536w, https:\/\/smart-training.ca\/fr\/wp-content\/uploads\/sites\/2\/2024\/09\/IMG_8736-1-2048x1365.jpg 2048w\" sizes=\"auto, (max-width: 2560px) 100vw, 2560px\" \/><div class=\"wp-block-cover__inner-container is-layout-constrained wp-block-cover-is-layout-constrained\">\n<h1 class=\"wp-block-heading has-text-align-center has-ast-global-color-6-color has-text-color has-link-color wp-elements-10317c302dc2a354f377c766561a4fca\">Cours d&rsquo;\u00e9t\u00e9 2024\u00a0\u00a0<\/h1>\n\n\n\n<h3 class=\"wp-block-heading has-text-align-center has-ast-global-color-6-color has-text-color has-link-color wp-elements-a703235a954646e8f8e061add6b12612\">Exploiter la puissance de la science des donn\u00e9es, de l&rsquo;IA et de l&rsquo;intelligence humaine, de l&rsquo;innovation et de l&rsquo;entrepreneuriat pour construire et rapprocher la soci\u00e9t\u00e9 apprenante et les syst\u00e8mes de sant\u00e9.\u00a0<\/h3>\n<\/div><\/div>\n\n\n\n<div style=\"height:25px\" aria-hidden=\"true\" class=\"wp-block-spacer\"><\/div>\n\n\n\n<h3 class=\"wp-block-heading\">A propos :\u00a0\u00a0<\/h3>\n\n\n\n<p> La plateforme de formation SMART villes saines organise le cours d&rsquo;\u00e9t\u00e9 2024 qui aura lieu \u00e0 l&rsquo;Universit\u00e9 McGill, \u00e0 Montr\u00e9al Qu\u00e9bec, du 27 au 31 mai. Le programme de l&rsquo;\u00e9cole d&rsquo;\u00e9t\u00e9 prendre interdisciplinaire, centr\u00e9e sur la personne, l&rsquo;approche de l&rsquo;\u00e9cosyst\u00e8me aliment\u00e9 par le num\u00e9rique \u00e0 des solutions du monde r\u00e9el ancr\u00e9es \u00e0 la fois dans l&rsquo;innovation et les meilleures pratiques actuelles dans une science de la mise en \u0153uvre de la prochaine g\u00e9n\u00e9ration pour les villes saines. Organis\u00e9e autour d&rsquo;un hackathon pour relever les d\u00e9fis de l&rsquo;alimentation, du logement et de la mobilit\u00e9, l&rsquo;\u00e9cole d&rsquo;\u00e9t\u00e9 convoque des stagiaires professionnels et de recherche dans des domaines tels que les sciences comportementales et sociales, l&rsquo;\u00e9conomie, la gestion, la g\u00e9ographie, la sant\u00e9 \/ les soins de sant\u00e9, la science des donn\u00e9es, l&rsquo;intelligence artificielle, avec ceux d&rsquo;autres domaines et secteurs formant des soci\u00e9t\u00e9s.\u00a0\u00a0<\/p>\n\n\n\n<p>Le cours d&rsquo;\u00e9t\u00e9 commencera par des sessions d&rsquo;apprentissage virtuelles, au cours desquelles le hackathon commencera par un id\u00e9athon virtuel et un processus de construction d&rsquo;\u00e9quipe.\u00a0<\/p>\n\n\n\n<h3 class=\"wp-block-heading\">Programme:<\/h3>\n\n\n\n<p>Le hackathon fera partie int\u00e9grante du programme du cours d&rsquo;\u00e9t\u00e9, s&rsquo;\u00e9tendant sur un total de trois jours sur une dur\u00e9e de cinq jours. Gr\u00e2ce \u00e0 une approche interdisciplinaire centr\u00e9e sur la personne pour trouver des solutions concr\u00e8tes ancr\u00e9es dans l&rsquo;innovation et les meilleures pratiques actuelles, ce hackathon int\u00e8gre de mani\u00e8re transparente des domaines distincts tels que l&rsquo;\u00e9conomie comportementale, les soins de sant\u00e9, les neurosciences, l&rsquo;intelligence artificielle avec ceux d&rsquo;autres domaines et secteurs formant la soci\u00e9t\u00e9 afin de promouvoir une compr\u00e9hension globale des d\u00e9fis modernes dans ces secteurs.&nbsp;&nbsp;<\/p>\n\n\n\n<p>Les stagiaires seront \u00e9quip\u00e9s d&rsquo;outils interdisciplinaires innovants et de m\u00e9thodologies d&rsquo;analyse, ce qui leur permettra de concevoir des strat\u00e9gies adaptatives et durables qui r\u00e9pondent aux complexit\u00e9s actuelles, au b\u00e9n\u00e9fice des individus, des entreprises et de la soci\u00e9t\u00e9 dans son ensemble.<\/p>\n\n\n\n<h3 class=\"wp-block-heading\">Objectif\/r\u00e9sultats :\u00a0\u00a0<\/h3>\n\n\n\n<p>\u00c0 la fin de ce cours d&rsquo;\u00e9t\u00e9, aliment\u00e9 par la science des donn\u00e9es et l&rsquo;IA avec un hackathon comme activit\u00e9 principale, les \u00e9tudiants devraient \u00eatre en mesure de :\u00a0\u00a0<\/p>\n\n\n\n<ul class=\"wp-block-list\">\n<li><strong>Comprendre les principaux concepts comportementaux, manag\u00e9riaux et syst\u00e9miques (le comment) <\/strong>: Identifier les \u00e9l\u00e9ments cl\u00e9s qui influencent les d\u00e9cisions humaines. Explorer le r\u00f4le de l&rsquo;IA et du big data dans la prise de d\u00e9cision adaptative dans le domaine des affaires et du bien-\u00eatre personnel.\u00a0\u00a0<\/li>\n\n\n\n<li><strong>S&rsquo;engager dans des cadres analytiques (le pourquoi) <\/strong>: Familiarisez-vous avec les outils et les mod\u00e8les qui relient les m\u00e9canismes de prise de d\u00e9cision individuelle aux strat\u00e9gies, syst\u00e8mes et politiques \u00e0 plusieurs \u00e9chelles dans des contextes r\u00e9els.\u00a0\u00a0<\/li>\n\n\n\n<li><strong>Ma\u00eetriser les applications pratiques (Le quoi) <\/strong>: Appliquer des m\u00e9thodes r\u00e9centes de recherche et d&rsquo;innovation dans des environnements dynamiques. D\u00e9veloppez des comp\u00e9tences pratiques gr\u00e2ce \u00e0 des cas d&rsquo;utilisation du monde r\u00e9el, collaborez en dehors de votre discipline et am\u00e9liorez vos capacit\u00e9s de prise de d\u00e9cision pour un apprentissage et un comportement adaptatifs tout au long de la vie &#8211; les cas d&rsquo;utilisation dans chacun des 3 volets du hackathon et les cas d&rsquo;utilisation de l&rsquo;\u00e9cosyst\u00e8me (ville de Montr\u00e9al, DSP, CIUSS)<\/li>\n<\/ul>\n\n\n\n<div style=\"height:10px\" aria-hidden=\"true\" class=\"wp-block-spacer\"><\/div>\n\n\n\n<div style=\"height:50px\" aria-hidden=\"true\" class=\"wp-block-spacer\"><\/div>\n\n\n\n<div class=\"alignnormal\"><div id=\"metaslider-id-4836\" style=\"max-width: 1500px; margin: 0 auto;\" class=\"ml-slider-3-91-0 metaslider metaslider-nivo metaslider-4836 ml-slider ms-theme-default\" role=\"region\" aria-roledescription=\"Slideshow\" aria-label=\"Summer School 2024\">\n    <div id=\"metaslider_container_4836\">\n        <div class='slider-wrapper theme-default'><div class='ribbon'><\/div><div id='metaslider_4836' class='nivoSlider'><img loading=\"lazy\" decoding=\"async\" width=\"2560\" height=\"1707\" src=\"https:\/\/smart-training.ca\/fr\/wp-content\/uploads\/sites\/2\/2024\/09\/IMG_8687-scaled.jpg\" class=\"slider-4836 slide-4837\" alt=\"\" data-caption=\"Created with RNI Films app. Profile &#039;Agfa Vista 100&#039;\" data-thumb=\"\" title=\"Created with RNI Films app. Profile &#039;Agfa Vista 100&#039;\" rel=\"\" srcset=\"https:\/\/smart-training.ca\/fr\/wp-content\/uploads\/sites\/2\/2024\/09\/IMG_8687-scaled.jpg 2560w, https:\/\/smart-training.ca\/fr\/wp-content\/uploads\/sites\/2\/2024\/09\/IMG_8687-300x200.jpg 300w, https:\/\/smart-training.ca\/fr\/wp-content\/uploads\/sites\/2\/2024\/09\/IMG_8687-1024x683.jpg 1024w, https:\/\/smart-training.ca\/fr\/wp-content\/uploads\/sites\/2\/2024\/09\/IMG_8687-768x512.jpg 768w, https:\/\/smart-training.ca\/fr\/wp-content\/uploads\/sites\/2\/2024\/09\/IMG_8687-1536x1024.jpg 1536w, https:\/\/smart-training.ca\/fr\/wp-content\/uploads\/sites\/2\/2024\/09\/IMG_8687-2048x1365.jpg 2048w\" sizes=\"auto, (max-width: 2560px) 100vw, 2560px\" \/><img loading=\"lazy\" decoding=\"async\" width=\"2560\" height=\"1707\" src=\"https:\/\/smart-training.ca\/fr\/wp-content\/uploads\/sites\/2\/2024\/09\/IMG_8728-1-scaled.jpg\" class=\"slider-4836 slide-4839\" alt=\"\" data-caption=\"Created with RNI Films app. Profile &#039;Agfa Vista 100&#039;\" data-thumb=\"\" title=\"Created with RNI Films app. Profile &#039;Agfa Vista 100&#039;\" rel=\"\" srcset=\"https:\/\/smart-training.ca\/fr\/wp-content\/uploads\/sites\/2\/2024\/09\/IMG_8728-1-scaled.jpg 2560w, https:\/\/smart-training.ca\/fr\/wp-content\/uploads\/sites\/2\/2024\/09\/IMG_8728-1-300x200.jpg 300w, https:\/\/smart-training.ca\/fr\/wp-content\/uploads\/sites\/2\/2024\/09\/IMG_8728-1-1024x683.jpg 1024w, https:\/\/smart-training.ca\/fr\/wp-content\/uploads\/sites\/2\/2024\/09\/IMG_8728-1-768x512.jpg 768w, https:\/\/smart-training.ca\/fr\/wp-content\/uploads\/sites\/2\/2024\/09\/IMG_8728-1-1536x1024.jpg 1536w, https:\/\/smart-training.ca\/fr\/wp-content\/uploads\/sites\/2\/2024\/09\/IMG_8728-1-2048x1365.jpg 2048w\" sizes=\"auto, (max-width: 2560px) 100vw, 2560px\" \/><img loading=\"lazy\" decoding=\"async\" width=\"2560\" height=\"1707\" src=\"https:\/\/smart-training.ca\/fr\/wp-content\/uploads\/sites\/2\/2024\/09\/IMG_8721-scaled.jpg\" class=\"slider-4836 slide-4840\" alt=\"\" data-caption=\"Created with RNI Films app. Profile &#039;Agfa Optima 200 Faded&#039;\" data-thumb=\"\" title=\"Created with RNI Films app. Profile &#039;Agfa Optima 200 Faded&#039;\" rel=\"\" srcset=\"https:\/\/smart-training.ca\/fr\/wp-content\/uploads\/sites\/2\/2024\/09\/IMG_8721-scaled.jpg 2560w, https:\/\/smart-training.ca\/fr\/wp-content\/uploads\/sites\/2\/2024\/09\/IMG_8721-300x200.jpg 300w, https:\/\/smart-training.ca\/fr\/wp-content\/uploads\/sites\/2\/2024\/09\/IMG_8721-1024x683.jpg 1024w, https:\/\/smart-training.ca\/fr\/wp-content\/uploads\/sites\/2\/2024\/09\/IMG_8721-768x512.jpg 768w, https:\/\/smart-training.ca\/fr\/wp-content\/uploads\/sites\/2\/2024\/09\/IMG_8721-1536x1024.jpg 1536w, https:\/\/smart-training.ca\/fr\/wp-content\/uploads\/sites\/2\/2024\/09\/IMG_8721-2048x1365.jpg 2048w\" sizes=\"auto, (max-width: 2560px) 100vw, 2560px\" \/><img loading=\"lazy\" decoding=\"async\" width=\"2560\" height=\"1707\" src=\"https:\/\/smart-training.ca\/fr\/wp-content\/uploads\/sites\/2\/2024\/09\/IMG_8695-scaled.jpg\" class=\"slider-4836 slide-4841\" alt=\"\" data-caption=\"Created with RNI Films app. Profile &#039;Agfa Vista 100&#039;\" data-thumb=\"\" title=\"Created with RNI Films app. Profile &#039;Agfa Vista 100&#039;\" rel=\"\" srcset=\"https:\/\/smart-training.ca\/fr\/wp-content\/uploads\/sites\/2\/2024\/09\/IMG_8695-scaled.jpg 2560w, https:\/\/smart-training.ca\/fr\/wp-content\/uploads\/sites\/2\/2024\/09\/IMG_8695-300x200.jpg 300w, https:\/\/smart-training.ca\/fr\/wp-content\/uploads\/sites\/2\/2024\/09\/IMG_8695-1024x683.jpg 1024w, https:\/\/smart-training.ca\/fr\/wp-content\/uploads\/sites\/2\/2024\/09\/IMG_8695-768x512.jpg 768w, https:\/\/smart-training.ca\/fr\/wp-content\/uploads\/sites\/2\/2024\/09\/IMG_8695-1536x1024.jpg 1536w, https:\/\/smart-training.ca\/fr\/wp-content\/uploads\/sites\/2\/2024\/09\/IMG_8695-2048x1365.jpg 2048w\" sizes=\"auto, (max-width: 2560px) 100vw, 2560px\" \/><img loading=\"lazy\" decoding=\"async\" width=\"2560\" height=\"1707\" src=\"https:\/\/smart-training.ca\/fr\/wp-content\/uploads\/sites\/2\/2024\/09\/IMG_8791-scaled.jpg\" class=\"slider-4836 slide-4842\" alt=\"\" data-caption=\"Created with RNI Films app. Profile &#039;Agfa Vista 100&#039;\" data-thumb=\"\" title=\"Created with RNI Films app. Profile &#039;Agfa Vista 100&#039;\" rel=\"\" srcset=\"https:\/\/smart-training.ca\/fr\/wp-content\/uploads\/sites\/2\/2024\/09\/IMG_8791-scaled.jpg 2560w, https:\/\/smart-training.ca\/fr\/wp-content\/uploads\/sites\/2\/2024\/09\/IMG_8791-300x200.jpg 300w, https:\/\/smart-training.ca\/fr\/wp-content\/uploads\/sites\/2\/2024\/09\/IMG_8791-1024x683.jpg 1024w, https:\/\/smart-training.ca\/fr\/wp-content\/uploads\/sites\/2\/2024\/09\/IMG_8791-768x512.jpg 768w, https:\/\/smart-training.ca\/fr\/wp-content\/uploads\/sites\/2\/2024\/09\/IMG_8791-1536x1024.jpg 1536w, https:\/\/smart-training.ca\/fr\/wp-content\/uploads\/sites\/2\/2024\/09\/IMG_8791-2048x1365.jpg 2048w\" sizes=\"auto, (max-width: 2560px) 100vw, 2560px\" \/><img loading=\"lazy\" decoding=\"async\" width=\"2560\" height=\"1707\" src=\"https:\/\/smart-training.ca\/fr\/wp-content\/uploads\/sites\/2\/2024\/09\/1MG-FDCBF96F-BDD0-45F3-B7FB-060FFE83FA7F-scaled.jpg\" class=\"slider-4836 slide-4847\" alt=\"\" data-caption=\"Created with RNI Films app. Profile &#039;Agfa Vista 100&#039;\" data-thumb=\"\" title=\"Created with RNI Films app. Profile &#039;Agfa Vista 100&#039;\" rel=\"\" srcset=\"https:\/\/smart-training.ca\/fr\/wp-content\/uploads\/sites\/2\/2024\/09\/1MG-FDCBF96F-BDD0-45F3-B7FB-060FFE83FA7F-scaled.jpg 2560w, https:\/\/smart-training.ca\/fr\/wp-content\/uploads\/sites\/2\/2024\/09\/1MG-FDCBF96F-BDD0-45F3-B7FB-060FFE83FA7F-300x200.jpg 300w, https:\/\/smart-training.ca\/fr\/wp-content\/uploads\/sites\/2\/2024\/09\/1MG-FDCBF96F-BDD0-45F3-B7FB-060FFE83FA7F-1024x683.jpg 1024w, https:\/\/smart-training.ca\/fr\/wp-content\/uploads\/sites\/2\/2024\/09\/1MG-FDCBF96F-BDD0-45F3-B7FB-060FFE83FA7F-768x512.jpg 768w, https:\/\/smart-training.ca\/fr\/wp-content\/uploads\/sites\/2\/2024\/09\/1MG-FDCBF96F-BDD0-45F3-B7FB-060FFE83FA7F-1536x1024.jpg 1536w, https:\/\/smart-training.ca\/fr\/wp-content\/uploads\/sites\/2\/2024\/09\/1MG-FDCBF96F-BDD0-45F3-B7FB-060FFE83FA7F-2048x1365.jpg 2048w\" sizes=\"auto, (max-width: 2560px) 100vw, 2560px\" \/><img loading=\"lazy\" decoding=\"async\" width=\"2560\" height=\"1707\" src=\"https:\/\/smart-training.ca\/fr\/wp-content\/uploads\/sites\/2\/2024\/09\/IMG_8701-scaled.jpg\" class=\"slider-4836 slide-4848\" alt=\"\" data-caption=\"Created with RNI Films app. Profile &#039;Agfa Vista 100&#039;\" data-thumb=\"\" title=\"Created with RNI Films app. Profile &#039;Agfa Vista 100&#039;\" rel=\"\" srcset=\"https:\/\/smart-training.ca\/fr\/wp-content\/uploads\/sites\/2\/2024\/09\/IMG_8701-scaled.jpg 2560w, https:\/\/smart-training.ca\/fr\/wp-content\/uploads\/sites\/2\/2024\/09\/IMG_8701-300x200.jpg 300w, https:\/\/smart-training.ca\/fr\/wp-content\/uploads\/sites\/2\/2024\/09\/IMG_8701-1024x683.jpg 1024w, https:\/\/smart-training.ca\/fr\/wp-content\/uploads\/sites\/2\/2024\/09\/IMG_8701-768x512.jpg 768w, https:\/\/smart-training.ca\/fr\/wp-content\/uploads\/sites\/2\/2024\/09\/IMG_8701-1536x1024.jpg 1536w, https:\/\/smart-training.ca\/fr\/wp-content\/uploads\/sites\/2\/2024\/09\/IMG_8701-2048x1365.jpg 2048w\" sizes=\"auto, (max-width: 2560px) 100vw, 2560px\" \/><img loading=\"lazy\" decoding=\"async\" width=\"2560\" height=\"1707\" src=\"https:\/\/smart-training.ca\/fr\/wp-content\/uploads\/sites\/2\/2024\/09\/IMG_8694-scaled.jpg\" class=\"slider-4836 slide-4849\" alt=\"\" data-caption=\"Created with RNI Films app. Profile &#039;Agfa Vista 100&#039;\" data-thumb=\"\" title=\"Created with RNI Films app. Profile &#039;Agfa Vista 100&#039;\" rel=\"\" srcset=\"https:\/\/smart-training.ca\/fr\/wp-content\/uploads\/sites\/2\/2024\/09\/IMG_8694-scaled.jpg 2560w, https:\/\/smart-training.ca\/fr\/wp-content\/uploads\/sites\/2\/2024\/09\/IMG_8694-300x200.jpg 300w, https:\/\/smart-training.ca\/fr\/wp-content\/uploads\/sites\/2\/2024\/09\/IMG_8694-1024x683.jpg 1024w, https:\/\/smart-training.ca\/fr\/wp-content\/uploads\/sites\/2\/2024\/09\/IMG_8694-768x512.jpg 768w, https:\/\/smart-training.ca\/fr\/wp-content\/uploads\/sites\/2\/2024\/09\/IMG_8694-1536x1024.jpg 1536w, https:\/\/smart-training.ca\/fr\/wp-content\/uploads\/sites\/2\/2024\/09\/IMG_8694-2048x1365.jpg 2048w\" sizes=\"auto, (max-width: 2560px) 100vw, 2560px\" \/><img loading=\"lazy\" decoding=\"async\" width=\"2560\" height=\"1707\" src=\"https:\/\/smart-training.ca\/fr\/wp-content\/uploads\/sites\/2\/2024\/09\/IMG_8755-scaled.jpg\" class=\"slider-4836 slide-4850\" alt=\"\" data-caption=\"Created with RNI Films app. Profile &#039;Agfa Vista 100&#039;\" data-thumb=\"\" title=\"Created with RNI Films app. Profile &#039;Agfa Vista 100&#039;\" rel=\"\" srcset=\"https:\/\/smart-training.ca\/fr\/wp-content\/uploads\/sites\/2\/2024\/09\/IMG_8755-scaled.jpg 2560w, https:\/\/smart-training.ca\/fr\/wp-content\/uploads\/sites\/2\/2024\/09\/IMG_8755-300x200.jpg 300w, https:\/\/smart-training.ca\/fr\/wp-content\/uploads\/sites\/2\/2024\/09\/IMG_8755-1024x683.jpg 1024w, https:\/\/smart-training.ca\/fr\/wp-content\/uploads\/sites\/2\/2024\/09\/IMG_8755-768x512.jpg 768w, https:\/\/smart-training.ca\/fr\/wp-content\/uploads\/sites\/2\/2024\/09\/IMG_8755-1536x1024.jpg 1536w, https:\/\/smart-training.ca\/fr\/wp-content\/uploads\/sites\/2\/2024\/09\/IMG_8755-2048x1365.jpg 2048w\" sizes=\"auto, (max-width: 2560px) 100vw, 2560px\" \/><\/div><\/div>\n        \n    <\/div>\n<\/div><\/div>\n\n\n\n<p>Photos gracieuset\u00e9 d\u2019un \u00e9tudiant d\u2019\u00e9t\u00e9 Ameen Hammed.<\/p>\n\n\n\n<h2 class=\"wp-block-heading\">Qu\u2019en pensaient les \u00e9l\u00e8ves ?<\/h2>\n\n\n\n<figure class=\"wp-block-embed is-type-video is-provider-vimeo wp-block-embed-vimeo wp-embed-aspect-16-9 wp-has-aspect-ratio\"><div class=\"wp-block-embed__wrapper\">\n<div class=\"ast-oembed-container \" style=\"height: 100%;\"><iframe loading=\"lazy\" title=\"Interview with Jiri Kaan- Summer School 2024\" src=\"https:\/\/player.vimeo.com\/video\/1012166258?dnt=1&amp;app_id=122963\" width=\"500\" height=\"281\" frameborder=\"0\" allow=\"autoplay; fullscreen; picture-in-picture; clipboard-write\"><\/iframe><\/div>\n<\/div><\/figure>\n\n\n\n<p><\/p>\n","protected":false},"excerpt":{"rendered":"<p>A propos :\u00a0\u00a0 La plateforme de formation SMART villes saines organise le cours d&rsquo;\u00e9t\u00e9 2024 qui aura lieu \u00e0 l&rsquo;Universit\u00e9 McGill, \u00e0 Montr\u00e9al Qu\u00e9bec, du 27 au 31 mai. Le programme de l&rsquo;\u00e9cole d&rsquo;\u00e9t\u00e9 prendre interdisciplinaire, centr\u00e9e sur la personne, l&rsquo;approche de l&rsquo;\u00e9cosyst\u00e8me aliment\u00e9 par le num\u00e9rique \u00e0 des solutions du monde r\u00e9el ancr\u00e9es \u00e0 [&hellip;]<\/p>\n","protected":false},"author":4,"featured_media":0,"parent":0,"menu_order":0,"comment_status":"closed","ping_status":"closed","template":"","meta":{"_eb_attr":"","_uag_custom_page_level_css":"","site-sidebar-layout":"default","site-content-layout":"","ast-site-content-layout":"default","site-content-style":"default","site-sidebar-style":"default","ast-global-header-display":"","ast-banner-title-visibility":"","ast-main-header-display":"","ast-hfb-above-header-display":"","ast-hfb-below-header-display":"","ast-hfb-mobile-header-display":"","site-post-title":"disabled","ast-breadcrumbs-content":"","ast-featured-img":"","footer-sml-layout":"","theme-transparent-header-meta":"","adv-header-id-meta":"","stick-header-meta":"","header-above-stick-meta":"","header-main-stick-meta":"","header-below-stick-meta":"","astra-migrate-meta-layouts":"set","ast-page-background-enabled":"default","ast-page-background-meta":{"desktop":{"background-color":"","background-image":"","background-repeat":"repeat","background-position":"center center","background-size":"auto","background-attachment":"scroll","background-type":"","background-media":"","overlay-type":"","overlay-color":"","overlay-opacity":"","overlay-gradient":""},"tablet":{"background-color":"","background-image":"","background-repeat":"repeat","background-position":"center center","background-size":"auto","background-attachment":"scroll","background-type":"","background-media":"","overlay-type":"","overlay-color":"","overlay-opacity":"","overlay-gradient":""},"mobile":{"background-color":"","background-image":"","background-repeat":"repeat","background-position":"center center","background-size":"auto","background-attachment":"scroll","background-type":"","background-media":"","overlay-type":"","overlay-color":"","overlay-opacity":"","overlay-gradient":""}},"ast-content-background-meta":{"desktop":{"background-color":"var(--ast-global-color-5)","background-image":"","background-repeat":"repeat","background-position":"center center","background-size":"auto","background-attachment":"scroll","background-type":"","background-media":"","overlay-type":"","overlay-color":"","overlay-opacity":"","overlay-gradient":""},"tablet":{"background-color":"var(--ast-global-color-5)","background-image":"","background-repeat":"repeat","background-position":"center center","background-size":"auto","background-attachment":"scroll","background-type":"","background-media":"","overlay-type":"","overlay-color":"","overlay-opacity":"","overlay-gradient":""},"mobile":{"background-color":"var(--ast-global-color-5)","background-image":"","background-repeat":"repeat","background-position":"center center","background-size":"auto","background-attachment":"scroll","background-type":"","background-media":"","overlay-type":"","overlay-color":"","overlay-opacity":"","overlay-gradient":""}},"footnotes":""},"class_list":["post-4307","page","type-page","status-publish","hentry"],"uagb_featured_image_src":{"full":false,"thumbnail":false,"medium":false,"medium_large":false,"large":false,"1536x1536":false,"2048x2048":false,"gform-image-choice-sm":false,"gform-image-choice-md":false,"gform-image-choice-lg":false},"uagb_author_info":{"display_name":"Madison Rodrigue","author_link":"https:\/\/smart-training.ca\/fr\/blog\/author\/madison\/"},"uagb_comment_info":0,"uagb_excerpt":"A propos :\u00a0\u00a0 La plateforme de formation SMART villes saines organise le cours d&rsquo;\u00e9t\u00e9 2024 qui aura lieu \u00e0 l&rsquo;Universit\u00e9 McGill, \u00e0 Montr\u00e9al Qu\u00e9bec, du 27 au 31 mai. Le programme de l&rsquo;\u00e9cole d&rsquo;\u00e9t\u00e9 prendre interdisciplinaire, centr\u00e9e sur la personne, l&rsquo;approche de l&rsquo;\u00e9cosyst\u00e8me aliment\u00e9 par le num\u00e9rique \u00e0 des solutions du monde r\u00e9el ancr\u00e9es \u00e0&hellip;","_links":{"self":[{"href":"https:\/\/smart-training.ca\/fr\/wp-json\/wp\/v2\/pages\/4307","targetHints":{"allow":["GET"]}}],"collection":[{"href":"https:\/\/smart-training.ca\/fr\/wp-json\/wp\/v2\/pages"}],"about":[{"href":"https:\/\/smart-training.ca\/fr\/wp-json\/wp\/v2\/types\/page"}],"author":[{"embeddable":true,"href":"https:\/\/smart-training.ca\/fr\/wp-json\/wp\/v2\/users\/4"}],"replies":[{"embeddable":true,"href":"https:\/\/smart-training.ca\/fr\/wp-json\/wp\/v2\/comments?post=4307"}],"version-history":[{"count":2,"href":"https:\/\/smart-training.ca\/fr\/wp-json\/wp\/v2\/pages\/4307\/revisions"}],"predecessor-version":[{"id":4941,"href":"https:\/\/smart-training.ca\/fr\/wp-json\/wp\/v2\/pages\/4307\/revisions\/4941"}],"wp:attachment":[{"href":"https:\/\/smart-training.ca\/fr\/wp-json\/wp\/v2\/media?parent=4307"}],"curies":[{"name":"wp","href":"https:\/\/api.w.org\/{rel}","templated":true}]}}