{"id":4456,"date":"2024-04-25T11:03:59","date_gmt":"2024-04-25T15:03:59","guid":{"rendered":"https:\/\/smart-training.ca\/fr\/?page_id=4456"},"modified":"2024-10-02T12:21:52","modified_gmt":"2024-10-02T16:21:52","slug":"trainee-series","status":"publish","type":"page","link":"https:\/\/smart-training.ca\/fr\/trainee-series\/","title":{"rendered":"Webinar: Trainee Series"},"content":{"rendered":"\n<div style=\"height:50px\" aria-hidden=\"true\" class=\"wp-block-spacer\"><\/div>\n\n\n\n<h2 class=\"wp-block-heading\">La s\u00e9rie de webinaires sur la plate-forme de formation SMART\u00a0<\/h2>\n\n\n\n<h2 class=\"wp-block-heading\">S\u00e9rie des stagiaires\u00a0\u00a0<\/h2>\n\n\n\n<p>Ce webinaire propose des pr\u00e9sentations de trois de nos stagiaires, suivies chacune d&rsquo;une p\u00e9riode de discussion. La s\u00e9rie est plus qu&rsquo;une simple plateforme de partage de la recherche ; c&rsquo;est un moyen de favoriser les r\u00e9actions, d&rsquo;encourager les initiatives futures et d&rsquo;\u00e9tendre la port\u00e9e des travaux novateurs de nos stagiaires \u00e0 un public plus large, amplifiant ainsi leur impact sur la soci\u00e9t\u00e9.\u00a0.<\/p>\n\n\n\n<div style=\"height:25px\" aria-hidden=\"true\" class=\"wp-block-spacer\"><\/div>\n\n\n\n<figure class=\"wp-block-embed is-type-video is-provider-vimeo wp-block-embed-vimeo wp-embed-aspect-16-9 wp-has-aspect-ratio\"><div class=\"wp-block-embed__wrapper\">\n<div class=\"ast-oembed-container \" style=\"height: 100%;\"><iframe loading=\"lazy\" title=\"The SMART Training Platform Webinar: Trainee Series\" src=\"https:\/\/player.vimeo.com\/video\/939142892?dnt=1&amp;app_id=122963\" width=\"500\" height=\"281\" frameborder=\"0\" allow=\"autoplay; fullscreen; picture-in-picture; clipboard-write\"><\/iframe><\/div>\n<\/div><\/figure>\n","protected":false},"excerpt":{"rendered":"<p>La s\u00e9rie de webinaires sur la plate-forme de formation SMART\u00a0 S\u00e9rie des stagiaires\u00a0\u00a0 Ce webinaire propose des pr\u00e9sentations de trois de nos stagiaires, suivies chacune d&rsquo;une p\u00e9riode de discussion. La s\u00e9rie est plus qu&rsquo;une simple plateforme de partage de la recherche ; c&rsquo;est un moyen de favoriser les r\u00e9actions, d&rsquo;encourager les initiatives futures et d&rsquo;\u00e9tendre [&hellip;]<\/p>\n","protected":false},"author":4,"featured_media":0,"parent":0,"menu_order":0,"comment_status":"closed","ping_status":"closed","template":"","meta":{"_eb_attr":"","_uag_custom_page_level_css":"","site-sidebar-layout":"default","site-content-layout":"","ast-site-content-layout":"default","site-content-style":"default","site-sidebar-style":"default","ast-global-header-display":"","ast-banner-title-visibility":"","ast-main-header-display":"","ast-hfb-above-header-display":"","ast-hfb-below-header-display":"","ast-hfb-mobile-header-display":"","site-post-title":"disabled","ast-breadcrumbs-content":"","ast-featured-img":"","footer-sml-layout":"","theme-transparent-header-meta":"","adv-header-id-meta":"","stick-header-meta":"","header-above-stick-meta":"","header-main-stick-meta":"","header-below-stick-meta":"","astra-migrate-meta-layouts":"set","ast-page-background-enabled":"default","ast-page-background-meta":{"desktop":{"background-color":"","background-image":"","background-repeat":"repeat","background-position":"center center","background-size":"auto","background-attachment":"scroll","background-type":"","background-media":"","overlay-type":"","overlay-color":"","overlay-opacity":"","overlay-gradient":""},"tablet":{"background-color":"","background-image":"","background-repeat":"repeat","background-position":"center center","background-size":"auto","background-attachment":"scroll","background-type":"","background-media":"","overlay-type":"","overlay-color":"","overlay-opacity":"","overlay-gradient":""},"mobile":{"background-color":"","background-image":"","background-repeat":"repeat","background-position":"center center","background-size":"auto","background-attachment":"scroll","background-type":"","background-media":"","overlay-type":"","overlay-color":"","overlay-opacity":"","overlay-gradient":""}},"ast-content-background-meta":{"desktop":{"background-color":"var(--ast-global-color-5)","background-image":"","background-repeat":"repeat","background-position":"center center","background-size":"auto","background-attachment":"scroll","background-type":"","background-media":"","overlay-type":"","overlay-color":"","overlay-opacity":"","overlay-gradient":""},"tablet":{"background-color":"var(--ast-global-color-5)","background-image":"","background-repeat":"repeat","background-position":"center center","background-size":"auto","background-attachment":"scroll","background-type":"","background-media":"","overlay-type":"","overlay-color":"","overlay-opacity":"","overlay-gradient":""},"mobile":{"background-color":"var(--ast-global-color-5)","background-image":"","background-repeat":"repeat","background-position":"center center","background-size":"auto","background-attachment":"scroll","background-type":"","background-media":"","overlay-type":"","overlay-color":"","overlay-opacity":"","overlay-gradient":""}},"footnotes":""},"class_list":["post-4456","page","type-page","status-publish","hentry"],"uagb_featured_image_src":{"full":false,"thumbnail":false,"medium":false,"medium_large":false,"large":false,"1536x1536":false,"2048x2048":false,"gform-image-choice-sm":false,"gform-image-choice-md":false,"gform-image-choice-lg":false},"uagb_author_info":{"display_name":"Madison Rodrigue","author_link":"https:\/\/smart-training.ca\/fr\/blog\/author\/madison\/"},"uagb_comment_info":0,"uagb_excerpt":"La s\u00e9rie de webinaires sur la plate-forme de formation SMART\u00a0 S\u00e9rie des stagiaires\u00a0\u00a0 Ce webinaire propose des pr\u00e9sentations de trois de nos stagiaires, suivies chacune d&rsquo;une p\u00e9riode de discussion. La s\u00e9rie est plus qu&rsquo;une simple plateforme de partage de la recherche ; c&rsquo;est un moyen de favoriser les r\u00e9actions, d&rsquo;encourager les initiatives futures et d&rsquo;\u00e9tendre&hellip;","_links":{"self":[{"href":"https:\/\/smart-training.ca\/fr\/wp-json\/wp\/v2\/pages\/4456","targetHints":{"allow":["GET"]}}],"collection":[{"href":"https:\/\/smart-training.ca\/fr\/wp-json\/wp\/v2\/pages"}],"about":[{"href":"https:\/\/smart-training.ca\/fr\/wp-json\/wp\/v2\/types\/page"}],"author":[{"embeddable":true,"href":"https:\/\/smart-training.ca\/fr\/wp-json\/wp\/v2\/users\/4"}],"replies":[{"embeddable":true,"href":"https:\/\/smart-training.ca\/fr\/wp-json\/wp\/v2\/comments?post=4456"}],"version-history":[{"count":2,"href":"https:\/\/smart-training.ca\/fr\/wp-json\/wp\/v2\/pages\/4456\/revisions"}],"predecessor-version":[{"id":4952,"href":"https:\/\/smart-training.ca\/fr\/wp-json\/wp\/v2\/pages\/4456\/revisions\/4952"}],"wp:attachment":[{"href":"https:\/\/smart-training.ca\/fr\/wp-json\/wp\/v2\/media?parent=4456"}],"curies":[{"name":"wp","href":"https:\/\/api.w.org\/{rel}","templated":true}]}}