{"id":5266,"date":"2026-01-07T09:12:58","date_gmt":"2026-01-07T14:12:58","guid":{"rendered":"https:\/\/smart-training.ca\/fr\/?page_id=5266"},"modified":"2026-02-06T07:40:39","modified_gmt":"2026-02-06T12:40:39","slug":"funding-call-2026-2027-fr","status":"publish","type":"page","link":"https:\/\/smart-training.ca\/fr\/funding-call-2026-2027-fr\/","title":{"rendered":"Funding call 2026-2027 FR"},"content":{"rendered":"\n<div class=\"wp-block-cover alignfull\"><img loading=\"lazy\" decoding=\"async\" width=\"1200\" height=\"800\" class=\"wp-block-cover__image-background wp-image-1917\" alt=\"\" src=\"https:\/\/smart-training.ca\/wp-content\/uploads\/2021\/11\/iStock-668077094.jpg\" data-object-fit=\"cover\" srcset=\"https:\/\/smart-training.ca\/fr\/wp-content\/uploads\/sites\/2\/2021\/11\/iStock-668077094.jpg 1200w, https:\/\/smart-training.ca\/fr\/wp-content\/uploads\/sites\/2\/2021\/11\/iStock-668077094-300x200.jpg 300w, https:\/\/smart-training.ca\/fr\/wp-content\/uploads\/sites\/2\/2021\/11\/iStock-668077094-1024x683.jpg 1024w, https:\/\/smart-training.ca\/fr\/wp-content\/uploads\/sites\/2\/2021\/11\/iStock-668077094-768x512.jpg 768w\" sizes=\"auto, (max-width: 1200px) 100vw, 1200px\" \/><span aria-hidden=\"true\" class=\"wp-block-cover__background has-background-dim\"><\/span><div class=\"wp-block-cover__inner-container is-layout-flow wp-block-cover-is-layout-flow\">\n<h1 class=\"wp-block-heading has-text-align-center has-ast-global-color-4-color has-text-color has-link-color wp-elements-72ae9b6d6f4c8f0c13cd2ac5d6ad791b\">SMART Training Platform Funding Call 2026-2027<\/h1>\n\n\n\n<p><\/p>\n<\/div><\/div>\n\n\n\n<div style=\"height:50px\" aria-hidden=\"true\" class=\"wp-block-spacer\"><\/div>\n\n\n\n<h2 class=\"wp-block-heading\">SMART Training Platform Funding 2026-2027<\/h2>\n\n\n\n<p><strong>**Les candidatures sont maintenant ouvertes<\/strong>**<\/p>\n\n\n\n<p>Le SMART Training Platform r\u00e9pond \u00e0 un besoin urgent de renforcement des capacit\u00e9s en science de la mise en \u0153uvre afin de soutenir le d\u00e9veloppement de villes en sant\u00e9 selon une approche syst\u00e9mique et ax\u00e9e sur l\u2019\u00e9quit\u00e9, en mobilisant des m\u00e9thodes de pointe allant de l\u2019engagement communautaire efficace \u00e0 la science computationnelle.<\/p>\n\n\n\n<p>Le SMART Training Platform -Healthy Cities a \u00e9t\u00e9 cr\u00e9\u00e9 en 2021 gr\u00e2ce \u00e0 une subvention de formation en Villes en sant\u00e9 des IRSC\u2013CRSNG\u2013CRSH. L\u2019\u00e9quipe initiale comprenait des membres du corps professoral provenant de 10 \u00e9tablissements postsecondaires \u00e0 travers le Canada, 11 organismes non gouvernementaux et partenaires communautaires, ainsi que l\u2019Agence de la sant\u00e9 publique du Canada. Depuis 2023, le programme de bourses pour les stagiaires du SMART Training Platform a \u00e9largi son admissibilit\u00e9 afin de soutenir les stagiaires de tous les \u00e9tablissements postsecondaires canadiens. De plus, toutes les perspectives li\u00e9es aux villes en sant\u00e9 et \u00e0 la science de la mise en \u0153uvre sont admissibles \u00e0 l\u2019\u00e9valuation.<\/p>\n\n\n\n<p class=\"has-ast-global-color-4-color has-ast-global-color-0-background-color has-text-color has-background has-link-color has-medium-font-size wp-elements-41bd6b102833e1fac92990373c86b369\">SMART entamera sa derni\u00e8re ann\u00e9e de financement l\u2019an prochain; par cons\u00e9quent, toutes les bourses seront d\u2019une dur\u00e9e d\u2019un an pour l\u2019ann\u00e9e universitaire 2026-2027. Nous sommes heureux d\u2019avoir soutenu 126 \u00e9tudiantes et \u00e9tudiants, du premier cycle au postdoctorat, au cours des cinq derni\u00e8res ann\u00e9es et nous nous r\u00e9jouissons de soutenir la cohorte finale des stagiaires SMART.<\/p>\n\n\n\n<div style=\"height:25px\" aria-hidden=\"true\" class=\"wp-block-spacer\"><\/div>\n\n\n\n<div class=\"wp-block-columns is-layout-flex wp-container-core-columns-is-layout-28f84493 wp-block-columns-is-layout-flex\">\n<div class=\"wp-block-column is-layout-flow wp-block-column-is-layout-flow\" style=\"flex-basis:33.33%\">\n<figure class=\"wp-block-image size-large is-style-rounded\"><img loading=\"lazy\" decoding=\"async\" width=\"1024\" height=\"683\" src=\"https:\/\/smart-training.ca\/wp-content\/uploads\/2024\/09\/IMG_8721-1024x683.jpg\" alt=\"\" class=\"wp-image-4648\" srcset=\"https:\/\/smart-training.ca\/fr\/wp-content\/uploads\/sites\/2\/2024\/09\/IMG_8721-1024x683.jpg 1024w, https:\/\/smart-training.ca\/fr\/wp-content\/uploads\/sites\/2\/2024\/09\/IMG_8721-300x200.jpg 300w, https:\/\/smart-training.ca\/fr\/wp-content\/uploads\/sites\/2\/2024\/09\/IMG_8721-768x512.jpg 768w, https:\/\/smart-training.ca\/fr\/wp-content\/uploads\/sites\/2\/2024\/09\/IMG_8721-1536x1024.jpg 1536w, https:\/\/smart-training.ca\/fr\/wp-content\/uploads\/sites\/2\/2024\/09\/IMG_8721-2048x1365.jpg 2048w\" sizes=\"auto, (max-width: 1024px) 100vw, 1024px\" \/><\/figure>\n<\/div>\n\n\n\n<div class=\"wp-block-column is-layout-flow wp-block-column-is-layout-flow\" style=\"flex-basis:66.66%\">\n<h3 class=\"wp-block-heading\">Notre programme<\/h3>\n\n\n\n<p>Notre initiative se distingue par son approche novatrice pour relever les d\u00e9fis urbains. En mobilisant des ensembles de donn\u00e9es vastes et diversifi\u00e9s, nous collaborons afin de d\u00e9velopper des solutions intelligentes adapt\u00e9es aux communaut\u00e9s urbaines. Ax\u00e9 sur l\u2019apprentissage exp\u00e9rientiel, le programme permet aux participantes et participants d\u2019aborder des enjeux soci\u00e9taux \u00e0 travers des projets individuels et collaboratifs, en utilisant des m\u00e9thodologies de pointe telles que la pens\u00e9e design et la co-cr\u00e9ation. En int\u00e9grant les technologies num\u00e9riques et les m\u00e9gadonn\u00e9es, notre initiative favorise la collaboration interdisciplinaire et les partenariats intersectoriels, acc\u00e9l\u00e9rant ainsi les progr\u00e8s vers l\u2019atteinte de nos objectifs globaux.<\/p>\n<\/div>\n<\/div>\n\n\n\n<div style=\"height:25px\" aria-hidden=\"true\" class=\"wp-block-spacer\"><\/div>\n\n\n\n<div class=\"wp-block-columns is-layout-flex wp-container-core-columns-is-layout-28f84493 wp-block-columns-is-layout-flex\">\n<div class=\"wp-block-column is-layout-flow wp-block-column-is-layout-flow\" style=\"flex-basis:33.33%\">\n<figure class=\"wp-block-image size-large is-style-rounded\"><img decoding=\"async\" src=\"https:\/\/smart-training.ca\/wp-content\/uploads\/2025\/06\/IMG_9945-2-1024x768.jpg\" alt=\"\" class=\"wp-image-5403\" \/><\/figure>\n<\/div>\n\n\n\n<div class=\"wp-block-column is-layout-flow wp-block-column-is-layout-flow\" style=\"flex-basis:66.66%\">\n<h3 class=\"wp-block-heading\">Nos objectifs<\/h3>\n\n\n\n<p>Le financement du SMART Training Platform vise \u00e0 offrir des bourses comp\u00e9titives afin de soutenir les stagiaires dans leur parcours de formation et de recherche dans le domaine des villes en sant\u00e9. Notre programme propose des cours de base qui permettent aux stagiaires d\u2019acqu\u00e9rir une compr\u00e9hension fondamentale de la science de la mise en \u0153uvre. De plus, nous offrons une vari\u00e9t\u00e9 d\u2019occasions, notamment des conf\u00e9rences annuelles, des \u00e9coles d\u2019\u00e9t\u00e9, des webinaires et plus encore, favorisant un environnement diversifi\u00e9 et immersif o\u00f9 les stagiaires peuvent mettre en pratique leurs connaissances et leurs travaux de recherche afin de g\u00e9n\u00e9rer des retomb\u00e9es concr\u00e8tes dans le monde r\u00e9el.<\/p>\n<\/div>\n<\/div>\n\n\n\n<div style=\"height:50px\" aria-hidden=\"true\" class=\"wp-block-spacer\"><\/div>\n\n\n\n<h2 class=\"wp-block-heading\">Funding Availability<\/h2>\n\n\n\n<p>La SMART Training Platform est engag\u00e9e dans le renforcement des capacit\u00e9s en soutenant des stagiaires hautement qualifi\u00e9s qui souhaitent diversifier leurs comp\u00e9tences et acqu\u00e9rir de nouvelles expertises dans les domaines des villes en sant\u00e9 et de la science de la mise en \u0153uvre. Pour notre derni\u00e8re ann\u00e9e, nous offrons 13 bourses d\u2019une dur\u00e9e d\u2019un an, selon les montants indiqu\u00e9s ci-dessous. Veuillez noter que les \u00e9tudiantes et \u00e9tudiants d\u00e9tenant des bourses majeures sont admissibles \u00e0 pr\u00e9senter une demande; toutefois, la priorit\u00e9 sera accord\u00e9e aux personnes ayant des besoins financiers ou appartenant \u00e0 des groupes en qu\u00eate d\u2019\u00e9quit\u00e9.<\/p>\n\n\n\n<p><em>La <\/em><strong>SMART Training Platform<\/strong> <em>est fermement engag\u00e9e envers la diversit\u00e9 au sein de sa communaut\u00e9 et accueille tout particuli\u00e8rement les candidatures de personnes racis\u00e9es ou issues de minorit\u00e9s visibles, de femmes, de personnes autochtones (Premi\u00e8res Nations, Inuits et M\u00e9tis), de personnes en situation de handicap, de personnes LGBTQ+, ainsi que de toute autre personne pouvant contribuer \u00e0 la diversification des perspectives et des id\u00e9es.<\/em><\/p>\n\n\n\n<div style=\"height:25px\" aria-hidden=\"true\" class=\"wp-block-spacer\"><\/div>\n\n\n\n<h3 class=\"wp-block-heading\">Awards<\/h3>\n\n\n\n<p class=\"has-ast-global-color-5-background-color has-background\"><em><strong>Annonce du 14 janvier :<\/strong>\u00c0 la suite d\u2019un examen, nous sommes heureux d\u2019annoncer que, pour cet appel de financement, <span style=\"text-decoration: underline\">nous sommes en mesure d\u2019offrir \u00e0 la fois un plus grand nombre de bourses<\/span> et des montants de bourse bonifi\u00e9s afin de mieux tenir compte de l\u2019augmentation du co\u00fbt de la vie. En amor\u00e7ant cette derni\u00e8re ann\u00e9e, nous esp\u00e9rons \u00e9largir davantage notre cohorte et continuer \u00e0 offrir un soutien solide aux \u00e9tudiantes et \u00e9tudiants chercheurs qui \u0153uvrent \u00e0 rendre les villes plus saines. Le tableau ci-dessous refl\u00e8te ces mises \u00e0 jour.<\/em><\/p>\n\n\n\n<figure class=\"wp-block-table is-style-stripes\"><table class=\"has-ast-global-color-6-color has-white-background-color has-text-color has-background has-link-color has-fixed-layout\"><thead><tr><th class=\"has-text-align-left\" data-align=\"left\">1 Year Bursary Award<\/th><th class=\"has-text-align-left\" data-align=\"left\">Amount<\/th><th class=\"has-text-align-left\" data-align=\"left\"># of Awards Available<\/th><th class=\"has-text-align-left\" data-align=\"left\">Funding Term<\/th><\/tr><\/thead><tbody><tr><td class=\"has-text-align-left\" data-align=\"left\">Undergraduate<\/td><td class=\"has-text-align-left\" data-align=\"left\">$5,000***<\/td><td class=\"has-text-align-left\" data-align=\"left\">4<\/td><td class=\"has-text-align-left\" data-align=\"left\">2026-2027<\/td><\/tr><tr><td class=\"has-text-align-left\" data-align=\"left\">Masters<\/td><td class=\"has-text-align-left\" data-align=\"left\">$18,000<\/td><td class=\"has-text-align-left\" data-align=\"left\">6<\/td><td class=\"has-text-align-left\" data-align=\"left\">2026-2027<\/td><\/tr><tr><td class=\"has-text-align-left\" data-align=\"left\">Doctoral<\/td><td class=\"has-text-align-left\" data-align=\"left\">$21,000<\/td><td class=\"has-text-align-left\" data-align=\"left\">10<\/td><td class=\"has-text-align-left\" data-align=\"left\">2026-2027<\/td><\/tr><tr><td class=\"has-text-align-left\" data-align=\"left\">Postdoctoral<\/td><td class=\"has-text-align-left\" data-align=\"left\">$23,000<\/td><td class=\"has-text-align-left\" data-align=\"left\">4<\/td><td class=\"has-text-align-left\" data-align=\"left\">2026-2027<\/td><\/tr><\/tbody><\/table><\/figure>\n\n\n\n<p class=\"has-small-font-size\">*** May be used as research assistantships or summer support. Must clearly define a healthy cities and implementation project.<\/p>\n\n\n\n<div class=\"wp-block-cover alignfull\" style=\"min-height:325px;aspect-ratio:unset;\"><span aria-hidden=\"true\" class=\"wp-block-cover__background has-ast-global-color-1-background-color has-background-dim-100 has-background-dim\"><\/span><div class=\"wp-block-cover__inner-container is-layout-constrained wp-block-cover-is-layout-constrained\">\n<h2 class=\"wp-block-heading has-ast-global-color-6-color has-text-color has-link-color wp-elements-9c1e3359210c82dc6aae492a7e20bd49\">Key Dates<\/h2>\n\n\n\n<p class=\"has-ast-global-color-6-color has-text-color has-link-color has-medium-font-size wp-elements-db9f971731b6025f1d0f546ec02c8366\">Candidatures ouvertes: <strong>January 2nd, 202<\/strong>6<\/p>\n\n\n\n<p class=\"has-ast-global-color-6-color has-text-color has-link-color has-medium-font-size wp-elements-4f9e95b21c11c0474f8c10cf7acfed46\">Date limite: <strong>February 5th, 2026 by 11:59pm EST<\/strong><\/p>\n\n\n\n<p class=\"has-ast-global-color-6-color has-text-color has-link-color has-medium-font-size wp-elements-33b03d78dd7011f90f965d65076c0cc8\">Date de d\u00e9cision: <strong>April 1st, 2026<\/strong><\/p>\n<\/div><\/div>\n\n\n\n<p class=\"has-small-font-size\">La date est susceptible d\u2019\u00eatre modifi\u00e9e si nous recevons un nombre plus \u00e9lev\u00e9 de candidatures.<\/p>\n\n\n\n<h2 class=\"wp-block-heading\">Proc\u00e9dure de candidature<\/h2>\n\n\n\n<p>Le portail de candidature est maintenant ouvert. Veuillez cliquer sur le <strong>bouton bleu au bas de la page<\/strong> pour acc\u00e9der au formulaire de demande.<\/p>\n\n\n\n<p>Veuillez noter que le formulaire <strong>ne comporte pas de fonction de sauvegarde automatique<\/strong>. Nous vous recommandons fortement de pr\u00e9parer votre demande compl\u00e8te dans un document distinct, puis de la copier dans le formulaire.<\/p>\n\n\n\n<p>Une fois toutes les sections remplies, veuillez soumettre le formulaire. Pour toute question, veuillez communiquer avec nous \u00e0 l\u2019adresse suivante : <strong><a>admin@smart-training.ca<\/a><\/strong>.<\/p>\n\n\n\n<div class=\"wp-block-file\"><a id=\"wp-block-file--media-f692cc1a-407c-43c9-9fd8-0c159c2f1182\" href=\"https:\/\/smart-training.ca\/wp-content\/uploads\/2025\/12\/SMART-2026-Award-Questions.docx\">SMART 2026 Award Questions<\/a><a href=\"https:\/\/smart-training.ca\/wp-content\/uploads\/2025\/12\/SMART-2026-Award-Questions.docx\" class=\"wp-block-file__button wp-element-button\" download aria-describedby=\"wp-block-file--media-f692cc1a-407c-43c9-9fd8-0c159c2f1182\">Download<\/a><\/div>\n\n\n\n<h2 class=\"wp-block-heading\">Crit\u00e8res d\u2019admissibilit\u00e9<\/h2>\n\n\n\n<ul class=\"wp-block-list\">\n<li>Un maximum de deux candidatures par direction de recherche est autoris\u00e9.<\/li>\n\n\n\n<li>Les \u00e9tudiantes et \u00e9tudiants doivent confirmer leur inscription \u00e0 un programme de premier cycle, de ma\u00eetrise, de doctorat ou de stage postdoctoral (PDF) dans leur \u00e9tablissement d\u2019attache avant la r\u00e9ception du financement.<\/li>\n\n\n\n<li>Les candidates et candidats doivent avoir un projet de th\u00e8se ou de publication portant sur un th\u00e8me li\u00e9 aux villes en sant\u00e9, avec une pertinence claire pour la science de la mise en \u0153uvre.<\/li>\n\n\n\n<li>Les \u00e9tudiantes et \u00e9tudiants doivent avoir une direction de recherche engag\u00e9e pour superviser un projet ou un article de recherche ax\u00e9 sur les villes en sant\u00e9.<\/li>\n\n\n\n<li>Les titulaires de bourses majeures sont admissibles; toutefois, la priorit\u00e9 sera accord\u00e9e aux personnes ayant des besoins financiers.<\/li>\n\n\n\n<li>Les b\u00e9n\u00e9ficiaires doivent compl\u00e9ter les composantes obligatoire<strong>s<\/strong> suivantes afin de recevoir le financement <\/li>\n\n\n\n<li><\/li>\n<\/ul>\n\n\n\n<h3 class=\"wp-block-heading\">Composantes obligatoires<\/h3>\n\n\n\n<ul class=\"wp-block-list\">\n<li>Cours Methods Caf\u00e9 (session d\u2019automne)<\/li>\n\n\n\n<li>Participation \u00e0 la Conf\u00e9rence annuelle sur les villes en sant\u00e9<\/li>\n\n\n\n<li>Engagement dans un placement d\u2019apprentissage exp\u00e9rientie<strong>l<\/strong><\/li>\n<\/ul>\n\n\n\n<hr class=\"wp-block-separator has-alpha-channel-opacity\" \/>\n\n\n\n<h2 class=\"wp-block-heading\">Activit\u00e9s optionnelles<\/h2>\n\n\n\n<ul class=\"wp-block-list\">\n<li>Cours Implementation Design Lab<\/li>\n\n\n\n<li>Cours de mod\u00e9lisation \u00e0 base d\u2019agents<\/li>\n\n\n\n<li>\u00c9cole d\u2019\u00e9t\u00e9<\/li>\n\n\n\n<li>Webinaires<\/li>\n<\/ul>\n\n\n\n<div style=\"height:25px\" aria-hidden=\"true\" class=\"wp-block-spacer\"><\/div>\n\n\n\n<div class=\"wp-block-buttons alignwide is-content-justification-left is-layout-flex wp-container-core-buttons-is-layout-fc4fd283 wp-block-buttons-is-layout-flex\">\n<div class=\"wp-block-button\"><a class=\"wp-block-button__link has-large-font-size has-text-align-left has-custom-font-size wp-element-button\"><strong>A<\/strong>PPLICATION NOW CLOSED<\/a><\/div>\n<\/div>\n\n\n\n<p><\/p>\n","protected":false},"excerpt":{"rendered":"<p>SMART Training Platform Funding 2026-2027 **Les candidatures sont maintenant ouvertes** Le SMART Training Platform r\u00e9pond \u00e0 un besoin urgent de renforcement des capacit\u00e9s en science de la mise en \u0153uvre afin de soutenir le d\u00e9veloppement de villes en sant\u00e9 selon une approche syst\u00e9mique et ax\u00e9e sur l\u2019\u00e9quit\u00e9, en mobilisant des m\u00e9thodes de pointe allant de [&hellip;]<\/p>\n","protected":false},"author":5,"featured_media":0,"parent":0,"menu_order":0,"comment_status":"closed","ping_status":"closed","template":"","meta":{"_eb_attr":"","_uag_custom_page_level_css":"","site-sidebar-layout":"default","site-content-layout":"","ast-site-content-layout":"default","site-content-style":"default","site-sidebar-style":"default","ast-global-header-display":"","ast-banner-title-visibility":"","ast-main-header-display":"","ast-hfb-above-header-display":"","ast-hfb-below-header-display":"","ast-hfb-mobile-header-display":"","site-post-title":"disabled","ast-breadcrumbs-content":"","ast-featured-img":"","footer-sml-layout":"","theme-transparent-header-meta":"","adv-header-id-meta":"","stick-header-meta":"","header-above-stick-meta":"","header-main-stick-meta":"","header-below-stick-meta":"","astra-migrate-meta-layouts":"set","ast-page-background-enabled":"default","ast-page-background-meta":{"desktop":{"background-color":"","background-image":"","background-repeat":"repeat","background-position":"center center","background-size":"auto","background-attachment":"scroll","background-type":"","background-media":"","overlay-type":"","overlay-color":"","overlay-opacity":"","overlay-gradient":""},"tablet":{"background-color":"","background-image":"","background-repeat":"repeat","background-position":"center center","background-size":"auto","background-attachment":"scroll","background-type":"","background-media":"","overlay-type":"","overlay-color":"","overlay-opacity":"","overlay-gradient":""},"mobile":{"background-color":"","background-image":"","background-repeat":"repeat","background-position":"center center","background-size":"auto","background-attachment":"scroll","background-type":"","background-media":"","overlay-type":"","overlay-color":"","overlay-opacity":"","overlay-gradient":""}},"ast-content-background-meta":{"desktop":{"background-color":"var(--ast-global-color-5)","background-image":"","background-repeat":"repeat","background-position":"center center","background-size":"auto","background-attachment":"scroll","background-type":"","background-media":"","overlay-type":"","overlay-color":"","overlay-opacity":"","overlay-gradient":""},"tablet":{"background-color":"var(--ast-global-color-5)","background-image":"","background-repeat":"repeat","background-position":"center center","background-size":"auto","background-attachment":"scroll","background-type":"","background-media":"","overlay-type":"","overlay-color":"","overlay-opacity":"","overlay-gradient":""},"mobile":{"background-color":"var(--ast-global-color-5)","background-image":"","background-repeat":"repeat","background-position":"center center","background-size":"auto","background-attachment":"scroll","background-type":"","background-media":"","overlay-type":"","overlay-color":"","overlay-opacity":"","overlay-gradient":""}},"footnotes":""},"class_list":["post-5266","page","type-page","status-publish","hentry"],"uagb_featured_image_src":{"full":false,"thumbnail":false,"medium":false,"medium_large":false,"large":false,"1536x1536":false,"2048x2048":false,"gform-image-choice-sm":false,"gform-image-choice-md":false,"gform-image-choice-lg":false},"uagb_author_info":{"display_name":"Natalia Diamond","author_link":"https:\/\/smart-training.ca\/fr\/blog\/author\/natalia\/"},"uagb_comment_info":0,"uagb_excerpt":"SMART Training Platform Funding 2026-2027 **Les candidatures sont maintenant ouvertes** Le SMART Training Platform r\u00e9pond \u00e0 un besoin urgent de renforcement des capacit\u00e9s en science de la mise en \u0153uvre afin de soutenir le d\u00e9veloppement de villes en sant\u00e9 selon une approche syst\u00e9mique et ax\u00e9e sur l\u2019\u00e9quit\u00e9, en mobilisant des m\u00e9thodes de pointe allant de&hellip;","_links":{"self":[{"href":"https:\/\/smart-training.ca\/fr\/wp-json\/wp\/v2\/pages\/5266","targetHints":{"allow":["GET"]}}],"collection":[{"href":"https:\/\/smart-training.ca\/fr\/wp-json\/wp\/v2\/pages"}],"about":[{"href":"https:\/\/smart-training.ca\/fr\/wp-json\/wp\/v2\/types\/page"}],"author":[{"embeddable":true,"href":"https:\/\/smart-training.ca\/fr\/wp-json\/wp\/v2\/users\/5"}],"replies":[{"embeddable":true,"href":"https:\/\/smart-training.ca\/fr\/wp-json\/wp\/v2\/comments?post=5266"}],"version-history":[{"count":3,"href":"https:\/\/smart-training.ca\/fr\/wp-json\/wp\/v2\/pages\/5266\/revisions"}],"predecessor-version":[{"id":5277,"href":"https:\/\/smart-training.ca\/fr\/wp-json\/wp\/v2\/pages\/5266\/revisions\/5277"}],"wp:attachment":[{"href":"https:\/\/smart-training.ca\/fr\/wp-json\/wp\/v2\/media?parent=5266"}],"curies":[{"name":"wp","href":"https:\/\/api.w.org\/{rel}","templated":true}]}}